{"id":7482,"date":"2024-10-08T18:30:35","date_gmt":"2024-10-08T16:30:35","guid":{"rendered":"https:\/\/azzcreative.com\/unser-prozess\/"},"modified":"2024-11-20T13:18:29","modified_gmt":"2024-11-20T11:18:29","slug":"unser-prozess","status":"publish","type":"page","link":"https:\/\/azzcreative.com\/de\/unser-prozess\/","title":{"rendered":"Unser Prozess"},"content":{"rendered":"<section class=\"l-section wpb_row height_auto width_custom color_footer-bottom with_shape\" style=\"--site-content-width:800px;\"><div class=\"l-section-shape type_custom pos_bottom\" style=\"height:50px;\"><svg xmlns=\"http:\/\/www.w3.org\/2000\/svg\" viewBox=\"0 0 64 8\" preserveAspectRatio=\"none\" width=\"100%\" height=\"100%\">\r\n\t<path fill=\"currentColor\" d=\"M64 8 L0 8 L0 0 L64 0 Z\"\/>\r\n<\/svg><\/div><div class=\"l-section-h i-cf\"><div class=\"g-cols vc_row via_grid cols_1 laptops-cols_inherit tablets-cols_inherit mobiles-cols_1 valign_top type_default stacking_default\"><div class=\"wpb_column vc_column_container\"><div class=\"vc_column-inner\"><div class=\"w-separator size_small\"><\/div><h1 class=\"w-text us_custom_f72a0525\"><span class=\"w-text-h\"><span class=\"w-text-value\">Wie funktioniert der Prozess?<\/span><\/span><\/h1><div class=\"w-separator size_medium\"><\/div><div class=\"w-btn-wrapper align_center\"><a class=\"w-btn us-btn-style_2 us_custom_f7a1602f icon_atleft text_none\" aria-label=\"Button\" href=\"#\"><i class=\"fas fa-arrow-down\"><\/i><\/a><\/div><\/div><\/div><\/div><\/div><\/section><section class=\"l-section wpb_row height_large\"><div class=\"l-section-h i-cf\"><div class=\"g-cols vc_row via_grid cols_2 laptops-cols_inherit tablets-cols_1 mobiles-cols_1 valign_top type_default stacking_default\"><div class=\"wpb_column vc_column_container type_sticky\"><div class=\"vc_column-inner\"><div class=\"wpb_text_column us_custom_8161a817\"><div class=\"wpb_wrapper\"><h2>Unser einfacher Prozess<\/h2>\n<p><span>Wir haben ein sehr einfaches Verfahren zur Erstellung und Ver\u00f6ffentlichung Ihrer 3D-Bilder auf Amazon.<\/span><\/p>\n<\/div><\/div><\/div><\/div><div class=\"wpb_column vc_column_container\"><div class=\"vc_column-inner\"><div class=\"wpb_text_column us_custom_d98eb4eb\"><div class=\"wpb_wrapper\"><h3>01.  <span class=\"w-text-h\"><span class=\"w-text-value\">W\u00e4hlen Sie Ihren Plan<\/span><\/span><\/h3>\n<p><span>W\u00e4hlen Sie Ihren Plan anhand der Anzahl der Produkte, die Sie von uns erstellen lassen m\u00f6chten. Sie k\u00f6nnen die Zahlung direkt vornehmen oder uns kontaktieren, damit wir Ihnen bei Ihrer Entscheidung helfen k\u00f6nnen. <\/span><\/p>\n<p>Pr\u00fcfen Sie unsere <a href=\"https:\/\/azzcreative.com\/amazon-3d-prices\/\">Packpreise<\/a> oder <a href=\"https:\/\/azzcreative.com\/about-2-2\/\">kontaktieren Sie uns<\/a><\/p>\n<\/div><\/div><div class=\"w-separator size_large\"><\/div><div class=\"wpb_text_column us_custom_d98eb4eb\"><div class=\"wpb_wrapper\"><h3>02. <span>Versenden Sie Ihre Produkte<\/span><\/h3>\n<p>Um 3D-Videos und -Bilder zu erstellen, m\u00fcssen wir die Produkte in unseren B\u00fcros empfangen, um die beste Qualit\u00e4t zu gew\u00e4hrleisten.  <span>Wir haben lokale Versandstandorte in Ihrem Land verf\u00fcgbar. Sobald die 3D-Bilder erstellt sind, k\u00f6nnen wir die Produkte an Sie zur\u00fcckschicken, sie spenden oder entsorgen, je nachdem, was Sie bevorzugen. <\/span><\/p>\n<p>Wenn Sie jedoch sehr gro\u00dfe und\/oder schwere Produkte haben oder nicht in der Lage sind, diese zu versenden, k\u00f6nnen wir Ihnen ma\u00dfgeschneiderte L\u00f6sungen anbieten, die auf Ihre Bed\u00fcrfnisse zugeschnitten sind.  <a href=\"https:\/\/azzcreative.com\/about-2-2\/\">Kontaktieren Sie uns<\/a><\/p>\n<\/div><\/div><div class=\"w-separator size_large\"><\/div><div class=\"wpb_text_column us_custom_d98eb4eb\"><div class=\"wpb_wrapper\"><h3>03.  <span class=\"w-text-h\"><span class=\"w-text-value\">Erstellung der 3Ds<\/span><\/span><\/h3>\n<p><span>Unser Team erstellt 3D-Bilder aus von uns produzierten oder vom Kunden erhaltenen Videos und verwendet dabei eine von Amazon zertifizierte und genehmigte Technologie. Unser spezialisiertes Team wickelt den gesamten Prozess von Anfang bis Ende ab. <\/span><\/p>\n<p><span>Wir beleuchten und scannen Ihr Produkt professionell und stellen sicher, dass es f\u00fcr die Verwendung in Ihrem Amazon-Angebot bereit ist.<\/span><\/p>\n<\/div><\/div><div class=\"w-separator size_large\"><\/div><div class=\"wpb_text_column us_custom_d98eb4eb\"><div class=\"wpb_wrapper\"><h3>04.  <span class=\"w-text-h\"><span class=\"w-text-value\">Amazon Ver\u00f6ffentlichung<\/span><\/span><\/h3>\n<p data-pm-slice=\"1 1 &#091;&#093;\"><span>Sobald wir das Material in das Amazon-Konto des Kunden hochgeladen haben, wird es genehmigt, und Sie k\u00f6nnen die 3D-Bilder in Ihren Angeboten genie\u00dfen.<\/span><\/p>\n<p><span>F\u00fcr diesen Prozess m\u00fcssen Marken uns einen begrenzten Zugang zu ihrem Seller- oder Vendor Central-Konto gew\u00e4hren, um Assets hochladen zu k\u00f6nnen.<\/span><\/p>\n<p><span>Die Genehmigung durch Amazon dauert in der Regel 5 bis 7 Werktage, obwohl es laut den gesetzlichen Bestimmungen auch 2 bis 3 Wochen dauern kann.<\/span><\/p>\n<\/div><\/div><\/div><\/div><\/div><\/div><\/section><section class=\"l-section wpb_row us_custom_315b8835 height_large color_footer-bottom\"><div class=\"l-section-h i-cf\"><div class=\"g-cols vc_row via_grid cols_1 laptops-cols_inherit tablets-cols_inherit mobiles-cols_1 valign_middle type_default stacking_default\"><div class=\"wpb_column vc_column_container\"><div class=\"vc_column-inner\"><div class=\"g-cols wpb_row us_custom_064683f9 has_text_color via_grid cols_2 laptops-cols_inherit tablets-cols_1 mobiles-cols_1 valign_middle type_default stacking_default\" style=\"--gap:0rem;\"><div class=\"wpb_column vc_column_container us_custom_2c279b99\"><div class=\"vc_column-inner\"><div class=\"w-text us_custom_76f243cd has_text_color\"><span class=\"w-text-h\"><span class=\"w-text-value\">Haben Sie ein Projekt?<\/span><\/span><\/div><h2 class=\"w-text\"><span class=\"w-text-h\"><span class=\"w-text-value\">Steigern Sie Ihren Umsatz noch heute!<\/span><\/span><\/h2><\/div><\/div><div class=\"wpb_column vc_column_container us_custom_16154244\"><div class=\"vc_column-inner\"><div class=\"w-btn-wrapper default_align_right laptops_align_right tablets_align_left mobiles_align_left\"><a class=\"w-btn us-btn-style_2 us_custom_b4198c51\" href=\"https:\/\/azzcreative.com\/about-2-2\/\"><span class=\"w-btn-label\">Jetzt beginnen<\/span><\/a><\/div><\/div><\/div><\/div><\/div><\/div><\/div><\/div><\/section>\n","protected":false},"excerpt":{"rendered":"","protected":false},"author":1,"featured_media":0,"parent":0,"menu_order":0,"comment_status":"closed","ping_status":"closed","template":"","meta":{"footnotes":""},"class_list":["post-7482","page","type-page","status-publish","hentry"],"_links":{"self":[{"href":"https:\/\/azzcreative.com\/de\/wp-json\/wp\/v2\/pages\/7482"}],"collection":[{"href":"https:\/\/azzcreative.com\/de\/wp-json\/wp\/v2\/pages"}],"about":[{"href":"https:\/\/azzcreative.com\/de\/wp-json\/wp\/v2\/types\/page"}],"author":[{"embeddable":true,"href":"https:\/\/azzcreative.com\/de\/wp-json\/wp\/v2\/users\/1"}],"replies":[{"embeddable":true,"href":"https:\/\/azzcreative.com\/de\/wp-json\/wp\/v2\/comments?post=7482"}],"version-history":[{"count":7,"href":"https:\/\/azzcreative.com\/de\/wp-json\/wp\/v2\/pages\/7482\/revisions"}],"predecessor-version":[{"id":7571,"href":"https:\/\/azzcreative.com\/de\/wp-json\/wp\/v2\/pages\/7482\/revisions\/7571"}],"wp:attachment":[{"href":"https:\/\/azzcreative.com\/de\/wp-json\/wp\/v2\/media?parent=7482"}],"curies":[{"name":"wp","href":"https:\/\/api.w.org\/{rel}","templated":true}]}}