{"id":7531,"date":"2021-11-18T22:20:13","date_gmt":"2021-11-18T20:20:13","guid":{"rendered":"https:\/\/azzcreative.com\/ueber\/"},"modified":"2024-10-27T12:49:45","modified_gmt":"2024-10-27T10:49:45","slug":"ueber","status":"publish","type":"page","link":"https:\/\/azzcreative.com\/de\/ueber\/","title":{"rendered":"\u00dcber"},"content":{"rendered":"<section class=\"l-section wpb_row height_large\"><div class=\"l-section-h i-cf\"><div class=\"g-cols vc_row via_grid cols_1 laptops-cols_inherit tablets-cols_inherit mobiles-cols_1 valign_top type_default stacking_default\" style=\"--gap:6rem;\"><div class=\"wpb_column vc_column_container\"><div class=\"vc_column-inner\"><div class=\"g-cols wpb_row via_grid cols_3-2 laptops-cols_inherit tablets-cols_inherit mobiles-cols_1 valign_top type_default stacking_default\" style=\"--gap:5.2rem;\"><div class=\"wpb_column vc_column_container\"><div class=\"vc_column-inner\"><h1 class=\"w-text\"><span class=\"w-text-h\"><span class=\"w-text-value\">\u00dcber AzzCreative<\/span><\/span><\/h1><div class=\"wpb_text_column us_custom_59aa275c\"><div class=\"wpb_wrapper\"><p>AzzCreative wurde gegr\u00fcndet, um die Verk\u00e4ufe von Marken zu steigern, indem wir Produktangebote durch die Erstellung von 3D-Bildern und anderen Inhalten mit Mehrwert aufwerten. Wir sind Teil der Azz Group, einem Unternehmen, das sich auf die Verwaltung von Marken auf Amazon, eCommerce und anderen Plattformen konzentriert und weltweit Dienstleistungen anbietet. <\/p>\n<\/div><\/div><div class=\"w-separator size_medium with_line width_default thick_1 style_solid color_border align_center\"><div class=\"w-separator-h\"><\/div><\/div><div class=\"w-hwrapper valign_top wrap align_none\" style=\"--hwrapper-gap:4rem\"><div class=\"w-counter us_custom_6fe6fc27 color_primary align_left has_font_size\" data-duration=\"1\"><div class=\"w-counter-value\"><span class=\"w-counter-value-part type_text\" data-final=\"\"><\/span><span class=\"w-counter-value-part type_number\" data-final=\"6\">1<\/span><span class=\"w-counter-value-part type_text\" data-final=\" Jahre\"> Jahr<\/span><\/div><div class=\"w-counter-title\">der erfolgreichen Erfahrung<\/div><\/div><div class=\"w-counter us_custom_697fe15d color_primary align_left has_font_size\" data-duration=\"1\"><div class=\"w-counter-value\"><span class=\"w-counter-value-part type_text\" data-final=\"+\"><\/span><span class=\"w-counter-value-part type_number\" data-final=\"127,000\">25,000<\/span><span class=\"w-counter-value-part type_text\" data-final=\"\"><\/span><\/div><div class=\"w-counter-title\">Amazon Inserate unter Verwaltung<\/div><\/div><\/div><div class=\"w-separator size_medium with_line width_default thick_1 style_solid color_border align_center\"><div class=\"w-separator-h\"><\/div><\/div><div class=\"wpb_text_column\"><div class=\"wpb_wrapper\"><p>Im Gegensatz zu anderen Beratungsunternehmen haben wir unser Fachwissen durch Erfahrungen aus erster Hand erworben, indem wir Tausende von Produkten weltweit \u00fcber Amazon verkauft, unsere eigene spezialisierte Technologie entwickelt und mit anspruchsvollen, hochkar\u00e4tigen Marken zusammengearbeitet haben, die uns jeden Tag aufs Neue herausfordern.<\/p>\n<\/div><\/div><\/div><\/div><div class=\"wpb_column vc_column_container\"><div class=\"vc_column-inner\"><div class=\"w-image align_none\"><div class=\"w-image-h\"><img loading=\"lazy\" decoding=\"async\" width=\"720\" height=\"650\" src=\"https:\/\/azzcreative.com\/wp-content\/uploads\/2024\/10\/AZZ-LOGO.png\" class=\"attachment-full size-full\" alt=\"\" loading=\"lazy\" srcset=\"https:\/\/azzcreative.com\/wp-content\/uploads\/2024\/10\/AZZ-LOGO.png 720w, https:\/\/azzcreative.com\/wp-content\/uploads\/2024\/10\/AZZ-LOGO-300x271.png 300w\" sizes=\"(max-width: 720px) 100vw, 720px\" \/><\/div><\/div><\/div><\/div><\/div><\/div><\/div><\/div><\/div><\/section><section class=\"l-section wpb_row height_large color_primary\"><div class=\"l-section-h i-cf\"><div class=\"g-cols vc_row via_grid cols_1 laptops-cols_inherit tablets-cols_inherit mobiles-cols_1 valign_top type_default stacking_default\"><div class=\"wpb_column vc_column_container\"><div class=\"vc_column-inner\"><div class=\"w-grid type_grid layout_gallery_default cols_8\" id=\"us_grid_1\" style=\"--gap:1.5rem;\" data-filterable=\"true\"><style>@media (max-width:1380px){#us_grid_1 .w-grid-item{width:25%}}@media (max-width:1024px){#us_grid_1 .w-grid-item{width:50%}}@media (max-width:600px){#us_grid_1 .w-grid-item{width:50%}}.layout_gallery_default .w-grid-item-h{}<\/style><div class=\"w-grid-list\">\t<article class=\"w-grid-item size_1x1 post-5860 attachment type-attachment status-inherit hentry\" data-id=\"5860\">\r\n\t\t<div class=\"w-grid-item-h\">\r\n\t\t\t\t\t\t<div class=\"w-post-elm post_image usg_post_image_1 stretched\"><img fetchpriority=\"high\" decoding=\"async\" width=\"1024\" height=\"1024\" src=\"https:\/\/azzcreative.com\/wp-content\/uploads\/2021\/11\/us-placeholder-landscape-1024x1024.jpg\" class=\"attachment-large size-large\" alt=\"\" srcset=\"https:\/\/azzcreative.com\/wp-content\/uploads\/2021\/11\/us-placeholder-landscape-1024x1024.jpg 1024w, https:\/\/azzcreative.com\/wp-content\/uploads\/2021\/11\/us-placeholder-landscape-300x300.jpg 300w, https:\/\/azzcreative.com\/wp-content\/uploads\/2021\/11\/us-placeholder-landscape-150x150.jpg 150w, https:\/\/azzcreative.com\/wp-content\/uploads\/2021\/11\/us-placeholder-landscape.jpg 1600w\" sizes=\"(max-width: 1024px) 100vw, 1024px\" \/><\/div>\t\t<\/div>\r\n\t\t\t<\/article>\r\n\t<article class=\"w-grid-item size_1x1 post-5864 attachment type-attachment status-inherit hentry\" data-id=\"5864\">\r\n\t\t<div class=\"w-grid-item-h\">\r\n\t\t\t\t\t\t<div class=\"w-post-elm post_image usg_post_image_1 stretched\"><img decoding=\"async\" width=\"1024\" height=\"1024\" src=\"https:\/\/azzcreative.com\/wp-content\/uploads\/2021\/12\/us-placeholder-square-1-1024x1024.jpg\" class=\"attachment-large size-large\" alt=\"\" srcset=\"https:\/\/azzcreative.com\/wp-content\/uploads\/2021\/12\/us-placeholder-square-1-1024x1024.jpg 1024w, https:\/\/azzcreative.com\/wp-content\/uploads\/2021\/12\/us-placeholder-square-1-300x300.jpg 300w, https:\/\/azzcreative.com\/wp-content\/uploads\/2021\/12\/us-placeholder-square-1-150x150.jpg 150w, https:\/\/azzcreative.com\/wp-content\/uploads\/2021\/12\/us-placeholder-square-1.jpg 1600w\" sizes=\"(max-width: 1024px) 100vw, 1024px\" \/><\/div>\t\t<\/div>\r\n\t\t\t<\/article>\r\n\t<article class=\"w-grid-item size_1x1 post-5828 attachment type-attachment status-inherit hentry\" data-id=\"5828\">\r\n\t\t<div class=\"w-grid-item-h\">\r\n\t\t\t\t\t\t<div class=\"w-post-elm post_image usg_post_image_1 stretched\"><img decoding=\"async\" width=\"1024\" height=\"1024\" src=\"https:\/\/azzcreative.com\/wp-content\/uploads\/2021\/11\/us-placeholder-portrait-1024x1024.jpg\" class=\"attachment-large size-large\" alt=\"\" srcset=\"https:\/\/azzcreative.com\/wp-content\/uploads\/2021\/11\/us-placeholder-portrait-1024x1024.jpg 1024w, https:\/\/azzcreative.com\/wp-content\/uploads\/2021\/11\/us-placeholder-portrait-300x300.jpg 300w, https:\/\/azzcreative.com\/wp-content\/uploads\/2021\/11\/us-placeholder-portrait-150x150.jpg 150w, https:\/\/azzcreative.com\/wp-content\/uploads\/2021\/11\/us-placeholder-portrait.jpg 1600w\" sizes=\"(max-width: 1024px) 100vw, 1024px\" \/><\/div>\t\t<\/div>\r\n\t\t\t<\/article>\r\n\t<article class=\"w-grid-item size_1x1 post-7396 attachment type-attachment status-inherit hentry\" data-id=\"7396\">\r\n\t\t<div class=\"w-grid-item-h\">\r\n\t\t\t\t\t\t<div class=\"w-post-elm post_image usg_post_image_1 stretched\"><img loading=\"lazy\" decoding=\"async\" width=\"400\" height=\"140\" src=\"https:\/\/azzcreative.com\/wp-content\/uploads\/2024\/09\/Pepsico-2.png\" class=\"attachment-large size-large\" alt=\"\" srcset=\"https:\/\/azzcreative.com\/wp-content\/uploads\/2024\/09\/Pepsico-2.png 400w, https:\/\/azzcreative.com\/wp-content\/uploads\/2024\/09\/Pepsico-2-300x105.png 300w\" sizes=\"(max-width: 400px) 100vw, 400px\" \/><\/div>\t\t<\/div>\r\n\t\t\t<\/article>\r\n\t<article class=\"w-grid-item size_1x1 post-7392 attachment type-attachment status-inherit hentry\" data-id=\"7392\">\r\n\t\t<div class=\"w-grid-item-h\">\r\n\t\t\t\t\t\t<div class=\"w-post-elm post_image usg_post_image_1 stretched\"><img loading=\"lazy\" decoding=\"async\" width=\"250\" height=\"140\" src=\"https:\/\/azzcreative.com\/wp-content\/uploads\/2024\/09\/PG-copia-1.png\" class=\"attachment-large size-large\" alt=\"\" \/><\/div>\t\t<\/div>\r\n\t\t\t<\/article>\r\n<\/div><div class=\"w-grid-preloader\">\t<div class=\"g-preloader type_1\">\r\n\t\t<div><\/div>\r\n\t<\/div>\r\n\t<\/div>\t<div class=\"w-grid-json hidden\" onclick='return {&quot;action&quot;:&quot;us_ajax_grid&quot;,&quot;infinite_scroll&quot;:0,&quot;max_num_pages&quot;:1,&quot;pagination&quot;:&quot;none&quot;,&quot;template_vars&quot;:{&quot;columns&quot;:&quot;8&quot;,&quot;exclude_items&quot;:&quot;none&quot;,&quot;img_size&quot;:&quot;default&quot;,&quot;ignore_items_size&quot;:0,&quot;items_layout&quot;:&quot;gallery_default&quot;,&quot;items_offset&quot;:&quot;1&quot;,&quot;load_animation&quot;:&quot;none&quot;,&quot;overriding_link&quot;:&quot;{\\&quot;url\\&quot;:\\&quot;\\&quot;}&quot;,&quot;post_id&quot;:0,&quot;query_args&quot;:{&quot;post_type&quot;:[&quot;attachment&quot;],&quot;post__in&quot;:[&quot;1347&quot;,&quot;1361&quot;,&quot;1204&quot;,&quot;5304&quot;,&quot;5303&quot;],&quot;post_status&quot;:&quot;inherit&quot;,&quot;post_mime_type&quot;:&quot;image&quot;,&quot;posts_per_page&quot;:&quot;10&quot;},&quot;orderby_query_args&quot;:{&quot;orderby&quot;:{&quot;post__in&quot;:&quot;ASC&quot;},&quot;order&quot;:&quot;ASC&quot;},&quot;type&quot;:&quot;grid&quot;,&quot;us_grid_post_type&quot;:&quot;attachment&quot;,&quot;us_grid_ajax_index&quot;:1,&quot;us_grid_filter_query_string&quot;:null,&quot;us_grid_index&quot;:1,&quot;page_args&quot;:[],&quot;lang&quot;:&quot;de&quot;}}'><\/div>\r\n\t<\/div><\/div><\/div><\/div><\/div><\/section><section class=\"l-section wpb_row height_large\"><div class=\"l-section-h i-cf\"><div class=\"g-cols vc_row via_grid cols_1 laptops-cols_inherit tablets-cols_inherit mobiles-cols_1 valign_top type_default stacking_default\"><div class=\"wpb_column vc_column_container\"><div class=\"vc_column-inner\"><div class=\"wpb_text_column\"><div class=\"wpb_wrapper\"><h2 style=\"text-align: center;\"><span>Azz Group bietet globale Amazon- und eCommerce-Dienstleistungen<\/span><\/h2>\n<\/div><\/div><div class=\"w-separator size_medium\"><\/div><div class=\"wpb_text_column us_custom_99dce4f6\"><div class=\"wpb_wrapper\"><p style=\"text-align: center;\"><span>Wir helfen Marken dabei, ihre Ums\u00e4tze auf Amazon und anderen Marktpl\u00e4tzen durch Expertise, Technologie, Daten und operative Exzellenz zu steigern.<\/span><\/p>\n<\/div><\/div><div class=\"w-separator size_large\"><\/div><div class=\"g-cols wpb_row via_grid cols_2 laptops-cols_inherit tablets-cols_inherit mobiles-cols_1 valign_top type_default\" style=\"--gap:6vh;\"><div class=\"wpb_column vc_column_container\"><div class=\"vc_column-inner\"><div class=\"w-iconbox iconpos_left style_default color_primary align_none\"><div class=\"w-iconbox-icon\" style=\"font-size:3rem;\"><i class=\"material-icons\">design_services<\/i><\/div><div class=\"w-iconbox-meta\"><h3 class=\"w-iconbox-title\">Erstellung von Inhalten<\/h3><div class=\"w-iconbox-text\"><p><span>Wir helfen Ihnen, Ihren Umsatz zu steigern und Ihre Markenbekanntheit durch au\u00dfergew\u00f6hnliche Inhalte zu erh\u00f6hen.<\/span><\/p>\n<ul>\n<li>Amazon 3D Modelle &amp; Videos<\/li>\n<li>Schreiben von Inhalten &amp; SEO-Optimierungen<\/li>\n<li>Image Designs, A+, A+ Premium &amp; Brand Stores<\/li>\n<li>Werbung Aktiva<\/li>\n<\/ul>\n<\/div><\/div><\/div><\/div><\/div><div class=\"wpb_column vc_column_container\"><div class=\"vc_column-inner\"><div class=\"w-iconbox iconpos_left style_default color_primary align_none\"><div class=\"w-iconbox-icon\" style=\"font-size:3rem;\"><i class=\"material-icons\">code<\/i><\/div><div class=\"w-iconbox-meta\"><h3 class=\"w-iconbox-title\">Technologie &amp; Daten<\/h3><div class=\"w-iconbox-text\"><p><span>Entdecken Sie unsere Amazon Technologie, <\/span><strong>fredda.\u00ae<\/strong><span>mit \u00fcber 100 verf\u00fcgbaren Funktionalit\u00e4ten.<\/span><\/p>\n<ul>\n<li>Einzelhandel &#8211; Vendor Central &amp; Seller Central<\/li>\n<li>Buy Box, Preisgestaltung, Marktanteil, Wettbewerb&#8230;<\/li>\n<li>Einzelhandelsmedien, DSP, Share of Voice &amp; AMC<\/li>\n<li>Inhalt, Market Monitor &amp; Erweiterte Berichte<\/li>\n<\/ul>\n<\/div><\/div><\/div><\/div><\/div><div class=\"wpb_column vc_column_container\"><div class=\"vc_column-inner\"><div class=\"w-iconbox iconpos_left style_default color_primary align_none\"><div class=\"w-iconbox-icon\" style=\"font-size:3rem;\"><i class=\"material-icons\">api<\/i><\/div><div class=\"w-iconbox-meta\"><h3 class=\"w-iconbox-title\">Strategie &amp; Management<\/h3><div class=\"w-iconbox-text\"><p><span>Wir verwalten die Strategie und das Tagesgesch\u00e4ft Ihres Kontos mit hochspezialisierten internationalen Teams.<\/span><\/p>\n<ul>\n<li>Markenstrategie<\/li>\n<li>T\u00e4glicher Betrieb in Vendor &amp; Seller Central<\/li>\n<li>Bewertungen, Reputation, Preise und Buy Box<\/li>\n<\/ul>\n<\/div><\/div><\/div><\/div><\/div><div class=\"wpb_column vc_column_container\"><div class=\"vc_column-inner\"><div class=\"w-iconbox iconpos_left style_default color_primary align_none\"><div class=\"w-iconbox-icon\" style=\"font-size:3rem;\"><i class=\"material-icons\">star<\/i><\/div><div class=\"w-iconbox-meta\"><h3 class=\"w-iconbox-title\">Werbung<\/h3><div class=\"w-iconbox-text\"><p><span>Maximieren Sie Ihre Kampagnenergebnisse mit der erfolgreichen Kombination aus Talent und unserer hauseigenen Technologie.<\/span><\/p>\n<ul>\n<li><span>Wir sind ein Amazon Advanced Partner.<\/span><\/li>\n<li>DSP, Prime Video &amp; Amazon Marketing Cloud<\/li>\n<li>Amazon-Anzeigen  <\/li>\n<\/ul>\n<\/div><\/div><\/div><\/div><\/div><div class=\"wpb_column vc_column_container\"><div class=\"vc_column-inner\"><div class=\"w-iconbox iconpos_left style_default color_primary align_none\"><div class=\"w-iconbox-icon\" style=\"font-size:3rem;\"><i class=\"material-icons\">cloud<\/i><\/div><div class=\"w-iconbox-meta\"><h3 class=\"w-iconbox-title\">Amazon Marketing Cloud<\/h3><div class=\"w-iconbox-text\"><p><span>Wir haben ein Expertenteam f\u00fcr AMC und eine eigene Technologie mit \u00fcber 50 ma\u00dfgeschneiderten Dashboards<\/span><\/p>\n<ul>\n<li><span>Propriet\u00e4re Technologie<\/span> <\/li>\n<li><span>Erweiterte Werbeoptimierungen<\/span><\/li>\n<li><span>Ausgefeilte Daten f\u00fcr Ihre Kampagnen<\/span><\/li>\n<\/ul>\n<\/div><\/div><\/div><\/div><\/div><div class=\"wpb_column vc_column_container\"><div class=\"vc_column-inner\"><div class=\"w-iconbox iconpos_left style_default color_primary align_none\"><div class=\"w-iconbox-icon\" style=\"font-size:3rem;\"><i class=\"material-icons\">edit<\/i><\/div><div class=\"w-iconbox-meta\"><h3 class=\"w-iconbox-title\">Andere Marktpl\u00e4tze<\/h3><div class=\"w-iconbox-text\"><p><span>Wir haben Expertenteams f\u00fcr eCommerce und die Verwaltung anderer Marktpl\u00e4tze wie Shein, Temu, Walmart, Mercado Libre und verschiedene andere Plattformen weltweit.<\/span><\/p>\n<ul>\n<li><span>Fulfillment mit internen und externen Lagern<\/span><\/li>\n<li><span>Beratung und Kundenbetreuung<\/span><\/li>\n<li><span>Fachwissen \u00fcber Daten, Technologie und Einzelhandelsmedien<\/span><\/li>\n<\/ul>\n<\/div><\/div><\/div><\/div><\/div><\/div><\/div><\/div><\/div><\/div><\/section><section class=\"l-section wpb_row height_large color_primary\"><div class=\"l-section-h i-cf\"><div class=\"g-cols vc_row via_grid cols_1 laptops-cols_inherit tablets-cols_inherit mobiles-cols_1 valign_top type_default stacking_default\"><div class=\"wpb_column vc_column_container\"><div class=\"vc_column-inner\"><div class=\"w-actionbox color_primary controls_right\"><div class=\"w-actionbox-text\"><h2 class=\"w-actionbox-title\" style=\"font-size:max( 2rem, 4.5vh )\">M\u00f6chten Sie Ihre Verk\u00e4ufe auf Amazon steigern?<\/h2><\/div><div class=\"w-actionbox-controls\"><a class=\"w-btn us-btn-style_4\" href=\"#\" style=\"font-size:1.2rem;\"><span class=\"w-btn-label\">HEUTE STARTEN<\/span><\/a><\/div><\/div><\/div><\/div><\/div><\/div><\/section>\n","protected":false},"excerpt":{"rendered":"","protected":false},"author":1,"featured_media":0,"parent":0,"menu_order":0,"comment_status":"closed","ping_status":"closed","template":"","meta":{"footnotes":""},"class_list":["post-7531","page","type-page","status-publish","hentry"],"_links":{"self":[{"href":"https:\/\/azzcreative.com\/de\/wp-json\/wp\/v2\/pages\/7531"}],"collection":[{"href":"https:\/\/azzcreative.com\/de\/wp-json\/wp\/v2\/pages"}],"about":[{"href":"https:\/\/azzcreative.com\/de\/wp-json\/wp\/v2\/types\/page"}],"author":[{"embeddable":true,"href":"https:\/\/azzcreative.com\/de\/wp-json\/wp\/v2\/users\/1"}],"replies":[{"embeddable":true,"href":"https:\/\/azzcreative.com\/de\/wp-json\/wp\/v2\/comments?post=7531"}],"version-history":[{"count":2,"href":"https:\/\/azzcreative.com\/de\/wp-json\/wp\/v2\/pages\/7531\/revisions"}],"predecessor-version":[{"id":7539,"href":"https:\/\/azzcreative.com\/de\/wp-json\/wp\/v2\/pages\/7531\/revisions\/7539"}],"wp:attachment":[{"href":"https:\/\/azzcreative.com\/de\/wp-json\/wp\/v2\/media?parent=7531"}],"curies":[{"name":"wp","href":"https:\/\/api.w.org\/{rel}","templated":true}]}}