{"id":7572,"date":"2024-09-30T00:01:33","date_gmt":"2024-09-29T22:01:33","guid":{"rendered":"https:\/\/azzcreative.com\/preise\/"},"modified":"2024-11-20T13:18:51","modified_gmt":"2024-11-20T11:18:51","slug":"preise","status":"publish","type":"page","link":"https:\/\/azzcreative.com\/de\/preise\/","title":{"rendered":"Preise"},"content":{"rendered":"<section class=\"l-section wpb_row height_large\"><div class=\"l-section-h i-cf\"><div class=\"g-cols vc_row via_grid cols_1 laptops-cols_inherit tablets-cols_inherit mobiles-cols_1 valign_top type_default stacking_default\"><div class=\"wpb_column vc_column_container\"><div class=\"vc_column-inner\"><div class=\"wpb_text_column us_custom_2e9da019\"><div class=\"wpb_wrapper\"><h2 style=\"text-align: center;\">Preispl\u00e4ne<\/h2>\n<p style=\"text-align: center;\"><span>Wir bieten Pl\u00e4ne f\u00fcr jedes Unternehmen und jedes Budget. Teilen Sie uns einfach Ihre Anforderungen mit, und wir werden die perfekte L\u00f6sung f\u00fcr Sie zusammenstellen. So einfach ist das.  <\/span>.<\/p>\n<\/div><\/div><div class=\"w-separator size_medium\"><\/div><div class=\"g-cols wpb_row via_grid cols_4 laptops-cols_2 tablets-cols_2 mobiles-cols_1 valign_top type_default stacking_default\" style=\"--gap:1.5rem;\"><div class=\"wpb_column vc_column_container us_custom_d38acbd5\"><div class=\"vc_column-inner\"><div class=\"w-vwrapper us_custom_9ef015cd align_none valign_top\" style=\"--vwrapper-gap:1rem\"><h3 class=\"w-text us_custom_343a6660\"><span class=\"w-text-h\"><span class=\"w-text-value\">Einzelpackung<\/span><\/span><\/h3><div class=\"w-hwrapper valign_baseline align_none\" style=\"--hwrapper-gap:0.4rem\"><h4 class=\"w-text us_custom_3832f2b7\"><span class=\"w-text-h\"><span class=\"w-text-value\">250\u20ac<\/span><\/span><\/h4><div class=\"w-text us_custom_57e1857c has_text_color\"><span class=\"w-text-h\"><span class=\"w-text-value\">\/ keine Ersparnisse damit<\/span><\/span><\/div><\/div><div class=\"w-btn-wrapper align_justify\"><a class=\"w-btn us-btn-style_1 us_custom_1b04de86\" href=\"https:\/\/buy.stripe.com\/test_eVag1e1Pz1Dw7RK5kk\"><span class=\"w-btn-label\">Einzelpackung kaufen<\/span><\/a><\/div><\/div><div class=\"w-separator size_custom with_line width_default thick_1 style_solid color_border align_center\" style=\"height:10px\"><div class=\"w-separator-h\"><\/div><\/div><div class=\"w-vwrapper us_custom_9ef015cd align_none valign_top\" style=\"--vwrapper-gap:0.8rem\"><div class=\"w-text us_custom_32838f2e has_text_color\"><span class=\"w-text-h\"><span class=\"w-text-value\">Was ist inbegriffen?<\/span><\/span><\/div><div class=\"w-text icon_atleft\"><span class=\"w-text-h\"><i class=\"material-icons\">check<\/i><span class=\"w-text-value\">Enth\u00e4lt 1 Bild (3D)<\/span><\/span><\/div><div class=\"w-text icon_atleft\"><span class=\"w-text-h\"><i class=\"material-icons\">check<\/i><span class=\"w-text-value\">Vorbereitung des Produkts<\/span><\/span><\/div><div class=\"w-text icon_atleft\"><span class=\"w-text-h\"><i class=\"material-icons\">check<\/i><span class=\"w-text-value\">Videoaufnahme<\/span><\/span><\/div><div class=\"w-text icon_atleft\"><span class=\"w-text-h\"><i class=\"material-icons\">check<\/i><span class=\"w-text-value\">Erstellung des 3D-Bildes<\/span><\/span><\/div><div class=\"w-text icon_atleft\"><span class=\"w-text-h\"><i class=\"material-icons\">check<\/i><span class=\"w-text-value\">In Ihr Konto hochladen<\/span><\/span><\/div><div class=\"w-text icon_atleft\"><span class=\"w-text-h\"><i class=\"material-icons\">check<\/i><span class=\"w-text-value\">Lieferung in 7-10 Tagen<\/span><\/span><\/div><div class=\"w-text icon_atleft\"><span class=\"w-text-h\"><i class=\"material-icons\">check<\/i><span class=\"w-text-value\">Professionelle Unterst\u00fctzung<\/span><\/span><\/div><\/div><\/div><\/div><div class=\"wpb_column vc_column_container us_custom_1c95e3ae\"><div class=\"vc_column-inner\"><div class=\"w-vwrapper us_custom_9ef015cd align_none valign_top\" style=\"--vwrapper-gap:1rem\"><h3 class=\"w-text us_custom_343a6660\"><span class=\"w-text-h\"><span class=\"w-text-value\">5 Pack<\/span><\/span><\/h3><div class=\"w-hwrapper valign_baseline align_none\" style=\"--hwrapper-gap:0.4rem\"><h4 class=\"w-text us_custom_3832f2b7\"><span class=\"w-text-h\"><span class=\"w-text-value\">990\u20ac<\/span><\/span><\/h4><div class=\"w-text us_custom_57e1857c has_text_color\"><span class=\"w-text-h\"><span class=\"w-text-value\">\/ Sie sparen 260\u20ac<\/span><\/span><\/div><\/div><div class=\"w-btn-wrapper align_justify\"><a class=\"w-btn us-btn-style_1 us_custom_1b04de86\" href=\"https:\/\/buy.stripe.com\/test_aEU3esbq9dme5JCaEF\"><span class=\"w-btn-label\">5er Pack kaufen<\/span><\/a><\/div><\/div><div class=\"w-separator size_custom with_line width_default thick_1 style_solid color_border align_center\" style=\"height:10px\"><div class=\"w-separator-h\"><\/div><\/div><div class=\"w-vwrapper us_custom_9ef015cd align_none valign_top\" style=\"--vwrapper-gap:0.8rem\"><div class=\"w-text us_custom_32838f2e has_text_color\"><span class=\"w-text-h\"><span class=\"w-text-value\">Was ist inbegriffen?<\/span><\/span><\/div><div class=\"w-text icon_atleft\"><span class=\"w-text-h\"><i class=\"material-icons\">check<\/i><span class=\"w-text-value\">Enth\u00e4lt 5 Bilder (3D)<\/span><\/span><\/div><div class=\"w-text icon_atleft\"><span class=\"w-text-h\"><i class=\"material-icons\">check<\/i><span class=\"w-text-value\">Vorbereitung des Produkts<\/span><\/span><\/div><div class=\"w-text icon_atleft\"><span class=\"w-text-h\"><i class=\"material-icons\">check<\/i><span class=\"w-text-value\">Videoaufnahme<\/span><\/span><\/div><div class=\"w-text icon_atleft\"><span class=\"w-text-h\"><i class=\"material-icons\">check<\/i><span class=\"w-text-value\">Erstellung der 3D-Bilder<\/span><\/span><\/div><div class=\"w-text icon_atleft\"><span class=\"w-text-h\"><i class=\"material-icons\">check<\/i><span class=\"w-text-value\">Erstellung der Bilder<\/span><\/span><\/div><div class=\"w-text icon_atleft\"><span class=\"w-text-h\"><i class=\"material-icons\">check<\/i><span class=\"w-text-value\">Lieferung in 7-10 Tagen<\/span><\/span><\/div><div class=\"w-text icon_atleft\"><span class=\"w-text-h\"><i class=\"material-icons\">check<\/i><span class=\"w-text-value\">Professionelle Unterst\u00fctzung<\/span><\/span><\/div><\/div><\/div><\/div><div class=\"wpb_column vc_column_container us_custom_d38acbd5\"><div class=\"vc_column-inner\"><div class=\"w-vwrapper us_custom_9ef015cd align_none valign_top\" style=\"--vwrapper-gap:1rem\"><h3 class=\"w-text us_custom_343a6660\"><span class=\"w-text-h\"><span class=\"w-text-value\">10er Pack<\/span><\/span><\/h3><div class=\"w-hwrapper valign_baseline align_none\" style=\"--hwrapper-gap:0.4rem\"><h4 class=\"w-text us_custom_3832f2b7\"><span class=\"w-text-h\"><span class=\"w-text-value\">$1.790<\/span><\/span><\/h4><div class=\"w-text us_custom_57e1857c has_text_color\"><span class=\"w-text-h\"><span class=\"w-text-value\">\/ you save $710<\/span><\/span><\/div><\/div><div class=\"w-btn-wrapper align_justify\"><a class=\"w-btn us-btn-style_1 us_custom_1b04de86\" href=\"#\"><span class=\"w-btn-label\">10er Pack kaufen<\/span><\/a><\/div><\/div><div class=\"w-separator size_custom with_line width_default thick_1 style_solid color_border align_center\" style=\"height:10px\"><div class=\"w-separator-h\"><\/div><\/div><div class=\"w-vwrapper us_custom_9ef015cd align_none valign_top\" style=\"--vwrapper-gap:0.8rem\"><div class=\"w-text us_custom_32838f2e has_text_color\"><span class=\"w-text-h\"><span class=\"w-text-value\">Was ist inbegriffen?<\/span><\/span><\/div><div class=\"w-text icon_atleft\"><span class=\"w-text-h\"><i class=\"material-icons\">check<\/i><span class=\"w-text-value\">Enth\u00e4lt 10 Bilder (3D)<\/span><\/span><\/div><div class=\"w-text icon_atleft\"><span class=\"w-text-h\"><i class=\"material-icons\">check<\/i><span class=\"w-text-value\">Vorbereitung des Produkts<\/span><\/span><\/div><div class=\"w-text icon_atleft\"><span class=\"w-text-h\"><i class=\"material-icons\">check<\/i><span class=\"w-text-value\">Videoaufnahme<\/span><\/span><\/div><div class=\"w-text icon_atleft\"><span class=\"w-text-h\"><i class=\"material-icons\">check<\/i><span class=\"w-text-value\">Erstellung der 3D-Bilder<\/span><\/span><\/div><div class=\"w-text icon_atleft\"><span class=\"w-text-h\"><i class=\"material-icons\">check<\/i><span class=\"w-text-value\">In Ihr Konto hochladen<\/span><\/span><\/div><div class=\"w-text icon_atleft\"><span class=\"w-text-h\"><i class=\"material-icons\">check<\/i><span class=\"w-text-value\">Lieferung in 7-10 Tagen<\/span><\/span><\/div><div class=\"w-text icon_atleft\"><span class=\"w-text-h\"><i class=\"material-icons\">check<\/i><span class=\"w-text-value\">Professionelle Unterst\u00fctzung<\/span><\/span><\/div><\/div><\/div><\/div><div class=\"wpb_column vc_column_container us_custom_1c95e3ae\"><div class=\"vc_column-inner\"><div class=\"w-vwrapper us_custom_9ef015cd align_none valign_top\" style=\"--vwrapper-gap:1rem\"><h3 class=\"w-text us_custom_343a6660\"><span class=\"w-text-h\"><span class=\"w-text-value\">Unternehmen<\/span><\/span><\/h3><div class=\"w-hwrapper valign_baseline align_none\" style=\"--hwrapper-gap:0.4rem\"><h4 class=\"w-text us_custom_3832f2b7\"><span class=\"w-text-h\"><span class=\"w-text-value\">TBF<\/span><\/span><\/h4><div class=\"w-text us_custom_57e1857c has_text_color\"><span class=\"w-text-h\"><span class=\"w-text-value\">\/ Erz\u00e4hlen Sie uns von Ihren Bed\u00fcrfnissen<\/span><\/span><\/div><\/div><div class=\"w-btn-wrapper align_justify\"><a class=\"w-btn us-btn-style_1 us_custom_1b04de86\" href=\"#\"><span class=\"w-btn-label\">Kontaktieren Sie uns<\/span><\/a><\/div><\/div><div class=\"w-separator size_custom with_line width_default thick_1 style_solid color_border align_center\" style=\"height:10px\"><div class=\"w-separator-h\"><\/div><\/div><div class=\"w-vwrapper us_custom_9ef015cd align_none valign_top\" style=\"--vwrapper-gap:0.8rem\"><div class=\"w-text us_custom_32838f2e has_text_color\"><span class=\"w-text-h\"><span class=\"w-text-value\">Was ist inbegriffen?<\/span><\/span><\/div><div class=\"w-text icon_atleft\"><span class=\"w-text-h\"><i class=\"material-icons\">check<\/i><span class=\"w-text-value\">Gro\u00dfe Kataloge<\/span><\/span><\/div><div class=\"w-text icon_atleft\"><span class=\"w-text-h\"><i class=\"material-icons\">check<\/i><span class=\"w-text-value\">Andere Agenturen<\/span><\/span><\/div><div class=\"w-text icon_atleft\"><span class=\"w-text-h\"><i class=\"material-icons\">check<\/i><span class=\"w-text-value\">Partnerschaften<\/span><\/span><\/div><div class=\"w-text icon_atleft\"><span class=\"w-text-h\"><i class=\"material-icons\">check<\/i><span class=\"w-text-value\">Besondere Anforderungen<\/span><\/span><\/div><div class=\"w-text icon_atleft\"><span class=\"w-text-h\"><i class=\"material-icons\">check<\/i><span class=\"w-text-value\">Wei\u00dfe Etiketten<\/span><\/span><\/div><\/div><\/div><\/div><\/div><\/div><\/div><\/div><\/div><\/section><section class=\"l-section wpb_row height_large color_primary\"><div class=\"l-section-h i-cf\"><div class=\"g-cols vc_row via_grid cols_1 laptops-cols_inherit tablets-cols_inherit mobiles-cols_1 valign_top type_default stacking_default\"><div class=\"wpb_column vc_column_container\"><div class=\"vc_column-inner\"><div class=\"w-actionbox color_primary controls_right\"><div class=\"w-actionbox-text\"><h2 class=\"w-actionbox-title\" style=\"font-size:max( 2rem, 4.5vh )\">M\u00f6chten Sie Ihre Verk\u00e4ufe auf Amazon steigern?<\/h2><\/div><div class=\"w-actionbox-controls\"><a class=\"w-btn us-btn-style_4\" href=\"#\" style=\"font-size:1.2rem;\"><span class=\"w-btn-label\">HEUTE STARTEN<\/span><\/a><\/div><\/div><\/div><\/div><\/div><\/div><\/section>\n","protected":false},"excerpt":{"rendered":"","protected":false},"author":1,"featured_media":0,"parent":0,"menu_order":0,"comment_status":"closed","ping_status":"closed","template":"","meta":{"footnotes":""},"class_list":["post-7572","page","type-page","status-publish","hentry"],"_links":{"self":[{"href":"https:\/\/azzcreative.com\/de\/wp-json\/wp\/v2\/pages\/7572"}],"collection":[{"href":"https:\/\/azzcreative.com\/de\/wp-json\/wp\/v2\/pages"}],"about":[{"href":"https:\/\/azzcreative.com\/de\/wp-json\/wp\/v2\/types\/page"}],"author":[{"embeddable":true,"href":"https:\/\/azzcreative.com\/de\/wp-json\/wp\/v2\/users\/1"}],"replies":[{"embeddable":true,"href":"https:\/\/azzcreative.com\/de\/wp-json\/wp\/v2\/comments?post=7572"}],"version-history":[{"count":2,"href":"https:\/\/azzcreative.com\/de\/wp-json\/wp\/v2\/pages\/7572\/revisions"}],"predecessor-version":[{"id":7574,"href":"https:\/\/azzcreative.com\/de\/wp-json\/wp\/v2\/pages\/7572\/revisions\/7574"}],"wp:attachment":[{"href":"https:\/\/azzcreative.com\/de\/wp-json\/wp\/v2\/media?parent=7572"}],"curies":[{"name":"wp","href":"https:\/\/api.w.org\/{rel}","templated":true}]}}