{"id":7474,"date":"2024-10-08T18:30:35","date_gmt":"2024-10-08T16:30:35","guid":{"rendered":"https:\/\/azzcreative.com\/nuestro-proceso\/"},"modified":"2024-10-11T14:56:47","modified_gmt":"2024-10-11T12:56:47","slug":"nuestro-proceso","status":"publish","type":"page","link":"https:\/\/azzcreative.com\/es\/nuestro-proceso\/","title":{"rendered":"Nuestro proceso"},"content":{"rendered":"<section class=\"l-section wpb_row height_auto width_custom color_footer-bottom with_shape\" style=\"--site-content-width:800px;\"><div class=\"l-section-shape type_custom pos_bottom\" style=\"height:50px;\"><svg xmlns=\"http:\/\/www.w3.org\/2000\/svg\" viewBox=\"0 0 64 8\" preserveAspectRatio=\"none\" width=\"100%\" height=\"100%\">\r\n\t<path fill=\"currentColor\" d=\"M64 8 L0 8 L0 0 L64 0 Z\"\/>\r\n<\/svg><\/div><div class=\"l-section-h i-cf\"><div class=\"g-cols vc_row via_grid cols_1 laptops-cols_inherit tablets-cols_inherit mobiles-cols_1 valign_top type_default stacking_default\"><div class=\"wpb_column vc_column_container\"><div class=\"vc_column-inner\"><div class=\"w-separator size_small\"><\/div><h1 class=\"w-text us_custom_f72a0525\"><span class=\"w-text-h\"><span class=\"w-text-value\">\u00bfC\u00f3mo funciona el proceso?<\/span><\/span><\/h1><div class=\"w-separator size_medium\"><\/div><div class=\"w-btn-wrapper align_center\"><a class=\"w-btn us-btn-style_2 us_custom_f7a1602f icon_atleft text_none\" aria-label=\"Button\" href=\"#\"><i class=\"fas fa-arrow-down\"><\/i><\/a><\/div><\/div><\/div><\/div><\/div><\/section><section class=\"l-section wpb_row height_large\"><div class=\"l-section-h i-cf\"><div class=\"g-cols vc_row via_grid cols_2 laptops-cols_inherit tablets-cols_1 mobiles-cols_1 valign_top type_default stacking_default\"><div class=\"wpb_column vc_column_container type_sticky\"><div class=\"vc_column-inner\"><div class=\"wpb_text_column us_custom_8161a817\"><div class=\"wpb_wrapper\"><h2>Nuestro sencillo proceso<\/h2>\n<p><span>Tenemos un proceso muy sencillo para crear y publicar tus im\u00e1genes 3D en Amazon.<\/span><\/p>\n<\/div><\/div><\/div><\/div><div class=\"wpb_column vc_column_container\"><div class=\"vc_column-inner\"><div class=\"wpb_text_column us_custom_d98eb4eb\"><div class=\"wpb_wrapper\"><h3>01.  <span class=\"w-text-h\"><span class=\"w-text-value\">Elige tu plan<\/span><\/span><\/h3>\n<p><span>Elige tu plan en funci\u00f3n del n\u00famero de productos que quieras que creemos. Puedes realizar el pago directamente o ponerte en contacto con nosotros para que te ayudemos a tomar tu decisi\u00f3n. <\/span><\/p>\n<p>Consulta <a href=\"https:\/\/azzcreative.com\/amazon-3d-prices\/\">los precios de nuestros paquetes<\/a> o <a href=\"https:\/\/azzcreative.com\/about-2-2\/\">ponte en contacto con nosotros<\/a><\/p>\n<\/div><\/div><div class=\"w-separator size_large\"><\/div><div class=\"wpb_text_column us_custom_d98eb4eb\"><div class=\"wpb_wrapper\"><h3>02. <span>Env\u00eda tus productos<\/span><\/h3>\n<p>Para crear v\u00eddeos e im\u00e1genes en 3D, necesitamos recibir los productos en nuestras oficinas para garantizar la mejor calidad.  <span>Disponemos de puntos de env\u00edo locales en tu pa\u00eds. Una vez creadas las im\u00e1genes 3D, podemos devolverte los productos, donarlos o deshacernos de ellos, seg\u00fan prefieras. <\/span><\/p>\n<p>Sin embargo, si tienes productos muy grandes y\/o pesados, o si no puedes enviarlos, podemos ofrecerte soluciones personalizadas adaptadas a tus necesidades.  <a href=\"https:\/\/azzcreative.com\/about-2-2\/\">Contacta con nosotros<\/a><\/p>\n<\/div><\/div><div class=\"w-separator size_large\"><\/div><div class=\"wpb_text_column us_custom_d98eb4eb\"><div class=\"wpb_wrapper\"><h3>03.  <span class=\"w-text-h\"><span class=\"w-text-value\">Creaci\u00f3n de las 3D<\/span><\/span><\/h3>\n<p><span>Nuestro equipo crea im\u00e1genes en 3D a partir de v\u00eddeos que producimos o recibimos del cliente, utilizando tecnolog\u00eda certificada y aprobada por Amazon. Nuestro equipo especializado se encarga de todo el proceso, de principio a fin. <\/span><\/p>\n<p><span>Iluminaremos y escanearemos profesionalmente tu producto, asegur\u00e1ndonos de que est\u00e1 listo para ser utilizado en tu anuncio de Amazon<\/span><\/p>\n<\/div><\/div><div class=\"w-separator size_large\"><\/div><div class=\"wpb_text_column us_custom_d98eb4eb\"><div class=\"wpb_wrapper\"><h3>04.  <span class=\"w-text-h\"><span class=\"w-text-value\">Publicaci\u00f3n Amazon<\/span><\/span><\/h3>\n<p data-pm-slice=\"1 1 &#091;&#093;\"><span>Una vez que hayamos subido el material a la cuenta de Amazon del cliente, se aprobar\u00e1 y podr\u00e1s empezar a disfrutar de im\u00e1genes en 3D en tus anuncios<\/span><\/p>\n<p><span>Para este proceso, las marcas deben concedernos un acceso limitado a su cuenta de Vendedor o Vendedor Central para poder subir activos.<\/span><\/p>\n<p><span>La aprobaci\u00f3n de Amazon suele tardar de 5 a 7 d\u00edas laborables, aunque seg\u00fan sus t\u00e9rminos legales, puede tardar de 2 a 3 semanas.<\/span><\/p>\n<\/div><\/div><\/div><\/div><\/div><\/div><\/section><section class=\"l-section wpb_row us_custom_315b8835 height_large color_footer-bottom\"><div class=\"l-section-h i-cf\"><div class=\"g-cols vc_row via_grid cols_1 laptops-cols_inherit tablets-cols_inherit mobiles-cols_1 valign_middle type_default stacking_default\"><div class=\"wpb_column vc_column_container\"><div class=\"vc_column-inner\"><div class=\"g-cols wpb_row us_custom_064683f9 has_text_color via_grid cols_2 laptops-cols_inherit tablets-cols_1 mobiles-cols_1 valign_middle type_default stacking_default\" style=\"--gap:0rem;\"><div class=\"wpb_column vc_column_container us_custom_2c279b99\"><div class=\"vc_column-inner\"><div class=\"w-text us_custom_76f243cd has_text_color\"><span class=\"w-text-h\"><span class=\"w-text-value\">\u00bfTienes alg\u00fan proyecto?<\/span><\/span><\/div><h2 class=\"w-text\"><span class=\"w-text-h\"><span class=\"w-text-value\">\u00a1Aumenta tus ventas hoy mismo!<\/span><\/span><\/h2><\/div><\/div><div class=\"wpb_column vc_column_container us_custom_16154244\"><div class=\"vc_column-inner\"><div class=\"w-btn-wrapper default_align_right laptops_align_right tablets_align_left mobiles_align_left\"><a class=\"w-btn us-btn-style_2 us_custom_b4198c51\" href=\"https:\/\/azzcreative.com\/about-2-2\/\"><span class=\"w-btn-label\">Empieza ahora<\/span><\/a><\/div><\/div><\/div><\/div><\/div><\/div><\/div><\/div><\/section>\n","protected":false},"excerpt":{"rendered":"","protected":false},"author":1,"featured_media":0,"parent":0,"menu_order":0,"comment_status":"closed","ping_status":"closed","template":"","meta":{"footnotes":""},"class_list":["post-7474","page","type-page","status-publish","hentry"],"_links":{"self":[{"href":"https:\/\/azzcreative.com\/es\/wp-json\/wp\/v2\/pages\/7474"}],"collection":[{"href":"https:\/\/azzcreative.com\/es\/wp-json\/wp\/v2\/pages"}],"about":[{"href":"https:\/\/azzcreative.com\/es\/wp-json\/wp\/v2\/types\/page"}],"author":[{"embeddable":true,"href":"https:\/\/azzcreative.com\/es\/wp-json\/wp\/v2\/users\/1"}],"replies":[{"embeddable":true,"href":"https:\/\/azzcreative.com\/es\/wp-json\/wp\/v2\/comments?post=7474"}],"version-history":[{"count":8,"href":"https:\/\/azzcreative.com\/es\/wp-json\/wp\/v2\/pages\/7474\/revisions"}],"predecessor-version":[{"id":7494,"href":"https:\/\/azzcreative.com\/es\/wp-json\/wp\/v2\/pages\/7474\/revisions\/7494"}],"wp:attachment":[{"href":"https:\/\/azzcreative.com\/es\/wp-json\/wp\/v2\/media?parent=7474"}],"curies":[{"name":"wp","href":"https:\/\/api.w.org\/{rel}","templated":true}]}}