{"id":7516,"date":"2021-11-18T22:20:13","date_gmt":"2021-11-18T20:20:13","guid":{"rendered":"https:\/\/azzcreative.com\/acerca-de\/"},"modified":"2024-10-27T12:49:37","modified_gmt":"2024-10-27T10:49:37","slug":"acerca-de","status":"publish","type":"page","link":"https:\/\/azzcreative.com\/es\/acerca-de\/","title":{"rendered":"Acerca de"},"content":{"rendered":"<section class=\"l-section wpb_row height_large\"><div class=\"l-section-h i-cf\"><div class=\"g-cols vc_row via_grid cols_1 laptops-cols_inherit tablets-cols_inherit mobiles-cols_1 valign_top type_default stacking_default\" style=\"--gap:6rem;\"><div class=\"wpb_column vc_column_container\"><div class=\"vc_column-inner\"><div class=\"g-cols wpb_row via_grid cols_3-2 laptops-cols_inherit tablets-cols_inherit mobiles-cols_1 valign_top type_default stacking_default\" style=\"--gap:5.2rem;\"><div class=\"wpb_column vc_column_container\"><div class=\"vc_column-inner\"><h1 class=\"w-text\"><span class=\"w-text-h\"><span class=\"w-text-value\">Acerca de AzzCreative<\/span><\/span><\/h1><div class=\"wpb_text_column us_custom_59aa275c\"><div class=\"wpb_wrapper\"><p>AzzCreative se fund\u00f3 para impulsar las ventas de las marcas mejorando los listados de productos mediante la creaci\u00f3n de im\u00e1genes en 3D y otros contenidos de valor a\u00f1adido. Formamos parte del Grupo Azz, una empresa centrada en la gesti\u00f3n de marcas en Amazon, comercio electr\u00f3nico y otras plataformas, que ofrece servicios en todo el mundo. <\/p>\n<\/div><\/div><div class=\"w-separator size_medium with_line width_default thick_1 style_solid color_border align_center\"><div class=\"w-separator-h\"><\/div><\/div><div class=\"w-hwrapper valign_top wrap align_none\" style=\"--hwrapper-gap:4rem\"><div class=\"w-counter us_custom_6fe6fc27 color_primary align_left has_font_size\" data-duration=\"1\"><div class=\"w-counter-value\"><span class=\"w-counter-value-part type_text\" data-final=\"\"><\/span><span class=\"w-counter-value-part type_number\" data-final=\"6\">1<\/span><span class=\"w-counter-value-part type_text\" data-final=\" a\u00f1os\"> a\u00f1o<\/span><\/div><div class=\"w-counter-title\">de experiencia exitosa<\/div><\/div><div class=\"w-counter us_custom_697fe15d color_primary align_left has_font_size\" data-duration=\"1\"><div class=\"w-counter-value\"><span class=\"w-counter-value-part type_text\" data-final=\"+\"><\/span><span class=\"w-counter-value-part type_number\" data-final=\"127,000\">25,000<\/span><span class=\"w-counter-value-part type_text\" data-final=\"\"><\/span><\/div><div class=\"w-counter-title\">Listados de Amazon gestionados<\/div><\/div><\/div><div class=\"w-separator size_medium with_line width_default thick_1 style_solid color_border align_center\"><div class=\"w-separator-h\"><\/div><\/div><div class=\"wpb_text_column\"><div class=\"wpb_wrapper\"><p>A diferencia de otras consultor\u00edas, hemos adquirido nuestros conocimientos a trav\u00e9s de la experiencia de primera mano, vendiendo miles de productos en todo el mundo a trav\u00e9s de Amazon, desarrollando nuestra propia tecnolog\u00eda especializada y trabajando con marcas exigentes y de alto perfil que nos desaf\u00edan a mejorar cada d\u00eda.<\/p>\n<\/div><\/div><\/div><\/div><div class=\"wpb_column vc_column_container\"><div class=\"vc_column-inner\"><div class=\"w-image align_none\"><div class=\"w-image-h\"><img loading=\"lazy\" decoding=\"async\" width=\"720\" height=\"650\" src=\"https:\/\/azzcreative.com\/wp-content\/uploads\/2024\/10\/AZZ-LOGO.png\" class=\"attachment-full size-full\" alt=\"\" loading=\"lazy\" srcset=\"https:\/\/azzcreative.com\/wp-content\/uploads\/2024\/10\/AZZ-LOGO.png 720w, https:\/\/azzcreative.com\/wp-content\/uploads\/2024\/10\/AZZ-LOGO-300x271.png 300w\" sizes=\"(max-width: 720px) 100vw, 720px\" \/><\/div><\/div><\/div><\/div><\/div><\/div><\/div><\/div><\/div><\/section><section class=\"l-section wpb_row height_large color_primary\"><div class=\"l-section-h i-cf\"><div class=\"g-cols vc_row via_grid cols_1 laptops-cols_inherit tablets-cols_inherit mobiles-cols_1 valign_top type_default stacking_default\"><div class=\"wpb_column vc_column_container\"><div class=\"vc_column-inner\"><div class=\"w-grid type_grid layout_gallery_default cols_8\" id=\"us_grid_1\" style=\"--gap:1.5rem;\" data-filterable=\"true\"><style>@media (max-width:1380px){#us_grid_1 .w-grid-item{width:25%}}@media (max-width:1024px){#us_grid_1 .w-grid-item{width:50%}}@media (max-width:600px){#us_grid_1 .w-grid-item{width:50%}}.layout_gallery_default .w-grid-item-h{}<\/style><div class=\"w-grid-list\">\t<article class=\"w-grid-item size_1x1 post-5862 attachment type-attachment status-inherit hentry\" data-id=\"5862\">\r\n\t\t<div class=\"w-grid-item-h\">\r\n\t\t\t\t\t\t<div class=\"w-post-elm post_image usg_post_image_1 stretched\"><img fetchpriority=\"high\" decoding=\"async\" width=\"1024\" height=\"1024\" src=\"https:\/\/azzcreative.com\/wp-content\/uploads\/2021\/11\/us-placeholder-landscape-1024x1024.jpg\" class=\"attachment-large size-large\" alt=\"\" srcset=\"https:\/\/azzcreative.com\/wp-content\/uploads\/2021\/11\/us-placeholder-landscape-1024x1024.jpg 1024w, https:\/\/azzcreative.com\/wp-content\/uploads\/2021\/11\/us-placeholder-landscape-300x300.jpg 300w, https:\/\/azzcreative.com\/wp-content\/uploads\/2021\/11\/us-placeholder-landscape-150x150.jpg 150w, https:\/\/azzcreative.com\/wp-content\/uploads\/2021\/11\/us-placeholder-landscape.jpg 1600w\" sizes=\"(max-width: 1024px) 100vw, 1024px\" \/><\/div>\t\t<\/div>\r\n\t\t\t<\/article>\r\n\t<article class=\"w-grid-item size_1x1 post-5866 attachment type-attachment status-inherit hentry\" data-id=\"5866\">\r\n\t\t<div class=\"w-grid-item-h\">\r\n\t\t\t\t\t\t<div class=\"w-post-elm post_image usg_post_image_1 stretched\"><img decoding=\"async\" width=\"1024\" height=\"1024\" src=\"https:\/\/azzcreative.com\/wp-content\/uploads\/2021\/12\/us-placeholder-square-1-1024x1024.jpg\" class=\"attachment-large size-large\" alt=\"\" srcset=\"https:\/\/azzcreative.com\/wp-content\/uploads\/2021\/12\/us-placeholder-square-1-1024x1024.jpg 1024w, https:\/\/azzcreative.com\/wp-content\/uploads\/2021\/12\/us-placeholder-square-1-300x300.jpg 300w, https:\/\/azzcreative.com\/wp-content\/uploads\/2021\/12\/us-placeholder-square-1-150x150.jpg 150w, https:\/\/azzcreative.com\/wp-content\/uploads\/2021\/12\/us-placeholder-square-1.jpg 1600w\" sizes=\"(max-width: 1024px) 100vw, 1024px\" \/><\/div>\t\t<\/div>\r\n\t\t\t<\/article>\r\n\t<article class=\"w-grid-item size_1x1 post-5830 attachment type-attachment status-inherit hentry\" data-id=\"5830\">\r\n\t\t<div class=\"w-grid-item-h\">\r\n\t\t\t\t\t\t<div class=\"w-post-elm post_image usg_post_image_1 stretched\"><img decoding=\"async\" width=\"1024\" height=\"1024\" src=\"https:\/\/azzcreative.com\/wp-content\/uploads\/2021\/11\/us-placeholder-portrait-1024x1024.jpg\" class=\"attachment-large size-large\" alt=\"\" srcset=\"https:\/\/azzcreative.com\/wp-content\/uploads\/2021\/11\/us-placeholder-portrait-1024x1024.jpg 1024w, https:\/\/azzcreative.com\/wp-content\/uploads\/2021\/11\/us-placeholder-portrait-300x300.jpg 300w, https:\/\/azzcreative.com\/wp-content\/uploads\/2021\/11\/us-placeholder-portrait-150x150.jpg 150w, https:\/\/azzcreative.com\/wp-content\/uploads\/2021\/11\/us-placeholder-portrait.jpg 1600w\" sizes=\"(max-width: 1024px) 100vw, 1024px\" \/><\/div>\t\t<\/div>\r\n\t\t\t<\/article>\r\n\t<article class=\"w-grid-item size_1x1 post-7398 attachment type-attachment status-inherit hentry\" data-id=\"7398\">\r\n\t\t<div class=\"w-grid-item-h\">\r\n\t\t\t\t\t\t<div class=\"w-post-elm post_image usg_post_image_1 stretched\"><img loading=\"lazy\" decoding=\"async\" width=\"400\" height=\"140\" src=\"https:\/\/azzcreative.com\/wp-content\/uploads\/2024\/09\/Pepsico-2.png\" class=\"attachment-large size-large\" alt=\"\" srcset=\"https:\/\/azzcreative.com\/wp-content\/uploads\/2024\/09\/Pepsico-2.png 400w, https:\/\/azzcreative.com\/wp-content\/uploads\/2024\/09\/Pepsico-2-300x105.png 300w\" sizes=\"(max-width: 400px) 100vw, 400px\" \/><\/div>\t\t<\/div>\r\n\t\t\t<\/article>\r\n\t<article class=\"w-grid-item size_1x1 post-7394 attachment type-attachment status-inherit hentry\" data-id=\"7394\">\r\n\t\t<div class=\"w-grid-item-h\">\r\n\t\t\t\t\t\t<div class=\"w-post-elm post_image usg_post_image_1 stretched\"><img loading=\"lazy\" decoding=\"async\" width=\"250\" height=\"140\" src=\"https:\/\/azzcreative.com\/wp-content\/uploads\/2024\/09\/PG-copia-1.png\" class=\"attachment-large size-large\" alt=\"\" \/><\/div>\t\t<\/div>\r\n\t\t\t<\/article>\r\n<\/div><div class=\"w-grid-preloader\">\t<div class=\"g-preloader type_1\">\r\n\t\t<div><\/div>\r\n\t<\/div>\r\n\t<\/div>\t<div class=\"w-grid-json hidden\" onclick='return {&quot;action&quot;:&quot;us_ajax_grid&quot;,&quot;infinite_scroll&quot;:0,&quot;max_num_pages&quot;:1,&quot;pagination&quot;:&quot;none&quot;,&quot;template_vars&quot;:{&quot;columns&quot;:&quot;8&quot;,&quot;exclude_items&quot;:&quot;none&quot;,&quot;img_size&quot;:&quot;default&quot;,&quot;ignore_items_size&quot;:0,&quot;items_layout&quot;:&quot;gallery_default&quot;,&quot;items_offset&quot;:&quot;1&quot;,&quot;load_animation&quot;:&quot;none&quot;,&quot;overriding_link&quot;:&quot;{\\&quot;url\\&quot;:\\&quot;\\&quot;}&quot;,&quot;post_id&quot;:0,&quot;query_args&quot;:{&quot;post_type&quot;:[&quot;attachment&quot;],&quot;post__in&quot;:[&quot;1347&quot;,&quot;1361&quot;,&quot;1204&quot;,&quot;5304&quot;,&quot;5303&quot;],&quot;post_status&quot;:&quot;inherit&quot;,&quot;post_mime_type&quot;:&quot;image&quot;,&quot;posts_per_page&quot;:&quot;10&quot;},&quot;orderby_query_args&quot;:{&quot;orderby&quot;:{&quot;post__in&quot;:&quot;ASC&quot;},&quot;order&quot;:&quot;ASC&quot;},&quot;type&quot;:&quot;grid&quot;,&quot;us_grid_post_type&quot;:&quot;attachment&quot;,&quot;us_grid_ajax_index&quot;:1,&quot;us_grid_filter_query_string&quot;:null,&quot;us_grid_index&quot;:1,&quot;page_args&quot;:[],&quot;lang&quot;:&quot;es&quot;}}'><\/div>\r\n\t<\/div><\/div><\/div><\/div><\/div><\/section><section class=\"l-section wpb_row height_large\"><div class=\"l-section-h i-cf\"><div class=\"g-cols vc_row via_grid cols_1 laptops-cols_inherit tablets-cols_inherit mobiles-cols_1 valign_top type_default stacking_default\"><div class=\"wpb_column vc_column_container\"><div class=\"vc_column-inner\"><div class=\"wpb_text_column\"><div class=\"wpb_wrapper\"><h2 style=\"text-align: center;\"><span>El Grupo Azz presta servicios globales de Amazon y comercio electr\u00f3nico<\/span><\/h2>\n<\/div><\/div><div class=\"w-separator size_medium\"><\/div><div class=\"wpb_text_column us_custom_99dce4f6\"><div class=\"wpb_wrapper\"><p style=\"text-align: center;\"><span>Ayudamos a las marcas a aumentar sus ventas en Amazon y otros mercados mediante experiencia, tecnolog\u00eda, datos y excelencia operativa.<\/span><\/p>\n<\/div><\/div><div class=\"w-separator size_large\"><\/div><div class=\"g-cols wpb_row via_grid cols_2 laptops-cols_inherit tablets-cols_inherit mobiles-cols_1 valign_top type_default\" style=\"--gap:6vh;\"><div class=\"wpb_column vc_column_container\"><div class=\"vc_column-inner\"><div class=\"w-iconbox iconpos_left style_default color_primary align_none\"><div class=\"w-iconbox-icon\" style=\"font-size:3rem;\"><i class=\"material-icons\">design_services<\/i><\/div><div class=\"w-iconbox-meta\"><h3 class=\"w-iconbox-title\">Creaci\u00f3n de contenidos<\/h3><div class=\"w-iconbox-text\"><p><span>Te ayudamos a impulsar las ventas y a mejorar la notoriedad de tu marca mediante contenidos excepcionales.<\/span><\/p>\n<ul>\n<li>Modelos y v\u00eddeos 3D de Amazon<\/li>\n<li>Redacci\u00f3n de contenidos y optimizaci\u00f3n SEO<\/li>\n<li>Dise\u00f1os de imagen, A+, A+ Premium y Tiendas de marca<\/li>\n<li>Activos publicitarios<\/li>\n<\/ul>\n<\/div><\/div><\/div><\/div><\/div><div class=\"wpb_column vc_column_container\"><div class=\"vc_column-inner\"><div class=\"w-iconbox iconpos_left style_default color_primary align_none\"><div class=\"w-iconbox-icon\" style=\"font-size:3rem;\"><i class=\"material-icons\">code<\/i><\/div><div class=\"w-iconbox-meta\"><h3 class=\"w-iconbox-title\">Tecnolog\u00eda y datos<\/h3><div class=\"w-iconbox-text\"><p><span>Descubre nuestra tecnolog\u00eda Amazon, <\/span><strong>fredda.\u00ae<\/strong><span>con m\u00e1s de 100 funcionalidades disponibles.<\/span><\/p>\n<ul>\n<li>Venta al por menor &#8211; Central de vendedores<\/li>\n<li>Caja de la compra, precios, cuota de mercado, competencia&#8230;<\/li>\n<li>Medios minoristas, DSP, cuota de voz y AMC<\/li>\n<li>Contenido, Monitor de Mercado e Informes Avanzados<\/li>\n<\/ul>\n<\/div><\/div><\/div><\/div><\/div><div class=\"wpb_column vc_column_container\"><div class=\"vc_column-inner\"><div class=\"w-iconbox iconpos_left style_default color_primary align_none\"><div class=\"w-iconbox-icon\" style=\"font-size:3rem;\"><i class=\"material-icons\">api<\/i><\/div><div class=\"w-iconbox-meta\"><h3 class=\"w-iconbox-title\">Estrategia y Gesti\u00f3n<\/h3><div class=\"w-iconbox-text\"><p><span>Gestionamos la estrategia y las operaciones diarias de tu cuenta con equipos internacionales altamente especializados.<\/span><\/p>\n<ul>\n<li>Estrategia de marca<\/li>\n<li>Operaciones diarias en la Central de Vendedores<\/li>\n<li>Opiniones, reputaci\u00f3n, precios y caja de compra<\/li>\n<\/ul>\n<\/div><\/div><\/div><\/div><\/div><div class=\"wpb_column vc_column_container\"><div class=\"vc_column-inner\"><div class=\"w-iconbox iconpos_left style_default color_primary align_none\"><div class=\"w-iconbox-icon\" style=\"font-size:3rem;\"><i class=\"material-icons\">star<\/i><\/div><div class=\"w-iconbox-meta\"><h3 class=\"w-iconbox-title\">Publicidad<\/h3><div class=\"w-iconbox-text\"><p><span>Maximiza los resultados de tu campa\u00f1a con la combinaci\u00f3n ganadora de talento y nuestra tecnolog\u00eda interna.<\/span><\/p>\n<ul>\n<li><span>Somos un socio avanzado de Amazon.<\/span><\/li>\n<li>DSP, Prime video y Amazon Marketing Cloud<\/li>\n<li>Anuncios en Amazon  <\/li>\n<\/ul>\n<\/div><\/div><\/div><\/div><\/div><div class=\"wpb_column vc_column_container\"><div class=\"vc_column-inner\"><div class=\"w-iconbox iconpos_left style_default color_primary align_none\"><div class=\"w-iconbox-icon\" style=\"font-size:3rem;\"><i class=\"material-icons\">cloud<\/i><\/div><div class=\"w-iconbox-meta\"><h3 class=\"w-iconbox-title\">Nube de marketing de Amazon<\/h3><div class=\"w-iconbox-text\"><p><span>Tenemos un equipo experto en AMC y tecnolog\u00eda propia con m\u00e1s de 50 cuadros de mando personalizados<\/span><\/p>\n<ul>\n<li><span>Tecnolog\u00eda propia<\/span> <\/li>\n<li><span>Optimizaciones publicitarias avanzadas<\/span><\/li>\n<li><span>Datos sofisticados para tus campa\u00f1as<\/span><\/li>\n<\/ul>\n<\/div><\/div><\/div><\/div><\/div><div class=\"wpb_column vc_column_container\"><div class=\"vc_column-inner\"><div class=\"w-iconbox iconpos_left style_default color_primary align_none\"><div class=\"w-iconbox-icon\" style=\"font-size:3rem;\"><i class=\"material-icons\">edit<\/i><\/div><div class=\"w-iconbox-meta\"><h3 class=\"w-iconbox-title\">Otros mercados<\/h3><div class=\"w-iconbox-text\"><p><span>Contamos con equipos expertos en eCommerce y en la gesti\u00f3n de otros marketplaces como Shein, Temu, Walmart, Mercado Libre y varias plataformas m\u00e1s en todo el mundo.<\/span><\/p>\n<ul>\n<li><span>Cumplimiento con almacenes propios y de terceros<\/span><\/li>\n<li><span>Consultor\u00eda y gesti\u00f3n de cuentas<\/span><\/li>\n<li><span>Experiencia en datos, tecnolog\u00eda y Retail Media<\/span><\/li>\n<\/ul>\n<\/div><\/div><\/div><\/div><\/div><\/div><\/div><\/div><\/div><\/div><\/section><section class=\"l-section wpb_row height_large color_primary\"><div class=\"l-section-h i-cf\"><div class=\"g-cols vc_row via_grid cols_1 laptops-cols_inherit tablets-cols_inherit mobiles-cols_1 valign_top type_default stacking_default\"><div class=\"wpb_column vc_column_container\"><div class=\"vc_column-inner\"><div class=\"w-actionbox color_primary controls_right\"><div class=\"w-actionbox-text\"><h2 class=\"w-actionbox-title\" style=\"font-size:max( 2rem, 4.5vh )\">\u00bfQuieres aumentar tus ventas en Amazon?<\/h2><\/div><div class=\"w-actionbox-controls\"><a class=\"w-btn us-btn-style_4\" href=\"#\" style=\"font-size:1.2rem;\"><span class=\"w-btn-label\">EMPIEZA HOY<\/span><\/a><\/div><\/div><\/div><\/div><\/div><\/div><\/section>\n","protected":false},"excerpt":{"rendered":"","protected":false},"author":1,"featured_media":0,"parent":0,"menu_order":0,"comment_status":"closed","ping_status":"closed","template":"","meta":{"footnotes":""},"class_list":["post-7516","page","type-page","status-publish","hentry"],"_links":{"self":[{"href":"https:\/\/azzcreative.com\/es\/wp-json\/wp\/v2\/pages\/7516"}],"collection":[{"href":"https:\/\/azzcreative.com\/es\/wp-json\/wp\/v2\/pages"}],"about":[{"href":"https:\/\/azzcreative.com\/es\/wp-json\/wp\/v2\/types\/page"}],"author":[{"embeddable":true,"href":"https:\/\/azzcreative.com\/es\/wp-json\/wp\/v2\/users\/1"}],"replies":[{"embeddable":true,"href":"https:\/\/azzcreative.com\/es\/wp-json\/wp\/v2\/comments?post=7516"}],"version-history":[{"count":8,"href":"https:\/\/azzcreative.com\/es\/wp-json\/wp\/v2\/pages\/7516\/revisions"}],"predecessor-version":[{"id":7536,"href":"https:\/\/azzcreative.com\/es\/wp-json\/wp\/v2\/pages\/7516\/revisions\/7536"}],"wp:attachment":[{"href":"https:\/\/azzcreative.com\/es\/wp-json\/wp\/v2\/media?parent=7516"}],"curies":[{"name":"wp","href":"https:\/\/api.w.org\/{rel}","templated":true}]}}