{"id":7584,"date":"2024-09-28T23:23:28","date_gmt":"2024-09-28T21:23:28","guid":{"rendered":"https:\/\/azzcreative.com\/contacta-con-nosotros\/"},"modified":"2024-11-20T13:23:06","modified_gmt":"2024-11-20T11:23:06","slug":"contacta-con-nosotros","status":"publish","type":"page","link":"https:\/\/azzcreative.com\/es\/contacta-con-nosotros\/","title":{"rendered":"Contacta con nosotros"},"content":{"rendered":"<section class=\"l-section wpb_row height_auto width_custom color_footer-bottom with_shape\" style=\"--site-content-width:800px;\"><div class=\"l-section-shape type_custom pos_bottom\" style=\"height:50px;\"><svg xmlns=\"http:\/\/www.w3.org\/2000\/svg\" viewBox=\"0 0 64 8\" preserveAspectRatio=\"none\" width=\"100%\" height=\"100%\">\r\n\t<path fill=\"currentColor\" d=\"M64 8 L0 8 L0 0 L64 0 Z\"\/>\r\n<\/svg><\/div><div class=\"l-section-h i-cf\"><div class=\"g-cols vc_row via_grid cols_1 laptops-cols_inherit tablets-cols_inherit mobiles-cols_1 valign_top type_default stacking_default\"><div class=\"wpb_column vc_column_container\"><div class=\"vc_column-inner\"><div class=\"w-separator size_medium\"><\/div><h1 class=\"w-text us_custom_f72a0525\"><span class=\"w-text-h\"><span class=\"w-text-value\">Contacta con nosotros<\/span><\/span><\/h1><div class=\"w-separator size_small\"><\/div><div class=\"w-btn-wrapper align_center\"><a class=\"w-btn us-btn-style_2 us_custom_f7a1602f icon_atleft text_none\" aria-label=\"Button\" href=\"#\"><i class=\"fas fa-arrow-down\"><\/i><\/a><\/div><\/div><\/div><\/div><\/div><\/section><section class=\"l-section wpb_row height_large\"><div class=\"l-section-h i-cf\"><div class=\"g-cols vc_row via_grid cols_2-3 laptops-cols_2-3 tablets-cols_2 mobiles-cols_1 valign_top type_default stacking_default\"><div class=\"wpb_column vc_column_container\"><div class=\"vc_column-inner\"><h2 class=\"w-text\"><span class=\"w-text-h\"><span class=\"w-text-value\">Contacta con nosotros<\/span><\/span><\/h2><div class=\"w-separator size_small\"><\/div><form class=\"w-form  us_custom_32cb1087 layout_ver for_cform us_form_1\" autocomplete=\"off\" action=\"https:\/\/azzcreative.com\/es\/wp-json\/wp\/v2\/pages\/7584\" method=\"post\"><div class=\"w-form-h\"><div class=\"w-form-row for_text\">\r\n\t\t<div class=\"w-form-row-field\">\r\n\t\t\t\t\t\t<input aria-label=\"Name\" type=\"text\" name=\"us_form_1_text_1\" value placeholder=\"Name\"\/>\r\n\t\t\t<\/div>\r\n\t\t<div class=\"w-form-row-state\">Rellena este campo<\/div>\r\n<\/div>\r\n<div class=\"w-form-row for_email\">\r\n\t\t<div class=\"w-form-row-field\">\r\n\t\t\t\t\t\t<input aria-label=\"Email\" type=\"email\" name=\"us_form_1_email_1\" value placeholder=\"Email\"\/>\r\n\t\t\t<\/div>\r\n\t\t<div class=\"w-form-row-state\">Por favor, introduce una direcci\u00f3n de correo electr\u00f3nico v\u00e1lida.<\/div>\r\n<\/div>\r\n<div class=\"w-form-row for_textarea\">\r\n\t\t<div class=\"w-form-row-field\">\r\n\t\t\t\t\t\t<textarea aria-label=\"Message\" name=\"us_form_1_textarea_1\" placeholder=\"Message\"><\/textarea>\r\n\t\t\t<\/div>\r\n\t\t<div class=\"w-form-row-state\">Rellena este campo<\/div>\r\n<\/div>\r\n<input type=\"hidden\" name=\"action\" value=\"us_ajax_cform\" \/>\r\n<input type=\"hidden\" name=\"post_id\" value=\"0\" \/>\r\n<input type=\"hidden\" name=\"form_index\" value=\"1\" \/>\r\n<div class=\"w-form-row for_submit align_none\">\r\n\t<button class=\"w-btn  us-btn-style_2\" aria-label=\"Send Message\" type=\"submit\">\r\n\t\t<span class=\"g-preloader type_1\"><\/span>\r\n\t\t\t\t<span class=\"w-btn-label\">Send Message<\/span>\r\n\t\t\t<\/button>\r\n\t<\/div>\r\n<\/div><div class=\"w-form-message\"><\/div><div class=\"w-form-json hidden\" onclick='return {&quot;ajaxurl&quot;:&quot;https:\\\/\\\/azzcreative.com\\\/wp-admin\\\/admin-ajax.php&quot;,&quot;messages&quot;:{&quot;err_empty&quot;:&quot;Rellena este campo&quot;,&quot;err_size&quot;:&quot;El tama\\u00f1o del archivo no puede exceder %s MB&quot;,&quot;err_extension&quot;:&quot;El tipo de archivo %s no est\\u00e1 permitido&quot;}}'><\/div><\/form><\/div><\/div><div class=\"wpb_column vc_column_container\"><div class=\"vc_column-inner\"><div class=\"w-separator size_small\"><\/div><div class=\"w-text\"><span class=\"w-text-h\"><span class=\"w-text-value\">General contact<\/span><\/span><\/div><div class=\"w-separator size_custom\" style=\"height:15px\"><\/div><h4 class=\"w-text\"><a href=\"mailto:info@azzcreative.com\" class=\"w-text-h\"><span class=\"w-text-value\">info@azzcreative.com<\/span><\/a><\/h4><div class=\"w-text\"><span class=\"w-text-h\"><span class=\"w-text-value\">Sales team<\/span><\/span><\/div><div class=\"w-separator size_custom\" style=\"height:15px\"><\/div><h4 class=\"w-text\"><a href=\"mailto:sales@azzcreative.com\" class=\"w-text-h\"><span class=\"w-text-value\">sales@azzcreative.com<\/span><\/a><\/h4><div class=\"w-text\"><span class=\"w-text-h\"><span class=\"w-text-value\">Asociaciones<\/span><\/span><\/div><h4 class=\"w-text\"><a href=\"mailto:partnerships@azzcreative.com\" class=\"w-text-h\"><span class=\"w-text-value\">partnerships@azzcreative.com<\/span><\/a><\/h4><div class=\"w-separator size_small with_line width_default thick_1 style_solid color_border align_center\"><div class=\"w-separator-h\"><\/div><\/div><div class=\"w-text\"><span class=\"w-text-h\"><span class=\"w-text-value\">US Office<\/span><\/span><\/div><div class=\"w-separator size_custom\" style=\"height:15px\"><\/div><h6 class=\"w-text\"><a href=\"tel:804 South Douglas Road Executive Tower, 5th Floor Coral Gables, Florida 33134\" class=\"w-text-h\"><span class=\"w-text-value\">804 South Douglas Road Executive Tower, 5th Floor Coral Gables, Florida 33134<\/span><\/a><\/h6><div class=\"w-text\"><span class=\"w-text-h\"><span class=\"w-text-value\">UK Office<\/span><\/span><\/div><div class=\"w-separator size_custom\" style=\"height:15px\"><\/div><h6 class=\"w-text\"><a href=\"tel:90 York Wy, London N1 9AG, United Kingdom\" class=\"w-text-h\"><span class=\"w-text-value\">90 York Wy, London N1 9AG, United Kingdom<\/span><\/a><\/h6><div class=\"w-text\"><span class=\"w-text-h\"><span class=\"w-text-value\">EU Office<\/span><\/span><\/div><h6 class=\"w-text\"><a href=\"tel:Maria Tubau 3, 5th Floor, 28050, Madrid, Spain\" class=\"w-text-h\"><span class=\"w-text-value\">Maria Tubau 3, 5th Floor, 28050, Madrid, Spain<\/span><\/a><\/h6><div class=\"w-text\"><span class=\"w-text-h\"><span class=\"w-text-value\">Latam Office<\/span><\/span><\/div><h6 class=\"w-text\"><a href=\"tel:Insurgentes Sur 1806, Colonia Florida, 01030, CDMX, Mexico\" class=\"w-text-h\"><span class=\"w-text-value\">Insurgentes Sur 1806, Colonia Florida, 01030, CDMX, Mexico<\/span><\/a><\/h6><\/div><\/div><\/div><\/div><\/section>\n","protected":false},"excerpt":{"rendered":"","protected":false},"author":1,"featured_media":0,"parent":0,"menu_order":0,"comment_status":"closed","ping_status":"closed","template":"","meta":{"footnotes":""},"class_list":["post-7584","page","type-page","status-publish","hentry"],"_links":{"self":[{"href":"https:\/\/azzcreative.com\/es\/wp-json\/wp\/v2\/pages\/7584"}],"collection":[{"href":"https:\/\/azzcreative.com\/es\/wp-json\/wp\/v2\/pages"}],"about":[{"href":"https:\/\/azzcreative.com\/es\/wp-json\/wp\/v2\/types\/page"}],"author":[{"embeddable":true,"href":"https:\/\/azzcreative.com\/es\/wp-json\/wp\/v2\/users\/1"}],"replies":[{"embeddable":true,"href":"https:\/\/azzcreative.com\/es\/wp-json\/wp\/v2\/comments?post=7584"}],"version-history":[{"count":2,"href":"https:\/\/azzcreative.com\/es\/wp-json\/wp\/v2\/pages\/7584\/revisions"}],"predecessor-version":[{"id":7586,"href":"https:\/\/azzcreative.com\/es\/wp-json\/wp\/v2\/pages\/7584\/revisions\/7586"}],"wp:attachment":[{"href":"https:\/\/azzcreative.com\/es\/wp-json\/wp\/v2\/media?parent=7584"}],"curies":[{"name":"wp","href":"https:\/\/api.w.org\/{rel}","templated":true}]}}