{"id":7653,"date":"2024-09-30T00:01:33","date_gmt":"2024-09-29T22:01:33","guid":{"rendered":"https:\/\/azzcreative.com\/precios\/"},"modified":"2024-12-30T09:40:38","modified_gmt":"2024-12-30T07:40:38","slug":"precios","status":"publish","type":"page","link":"https:\/\/azzcreative.com\/es\/precios\/","title":{"rendered":"Precios"},"content":{"rendered":"<section class=\"l-section wpb_row height_large\"><div class=\"l-section-h i-cf\"><div class=\"g-cols vc_row via_grid cols_1 laptops-cols_inherit tablets-cols_inherit mobiles-cols_1 valign_top type_default stacking_default\"><div class=\"wpb_column vc_column_container\"><div class=\"vc_column-inner\"><div class=\"wpb_text_column us_custom_2e9da019\"><div class=\"wpb_wrapper\"><h2 style=\"text-align: center;\">Planes de precios<\/h2>\n<p style=\"text-align: center;\"><span>Ofrecemos planes que se adaptan a todas las empresas y presupuestos. S\u00f3lo tienes que indicarnos tus necesidades y personalizaremos la soluci\u00f3n perfecta para ti. As\u00ed de sencillo.  <\/span>.<\/p>\n<\/div><\/div><div class=\"w-separator size_medium\"><\/div><div class=\"g-cols wpb_row via_grid cols_4 laptops-cols_2 tablets-cols_2 mobiles-cols_1 valign_top type_default stacking_default\" style=\"--gap:1.5rem;\"><div class=\"wpb_column vc_column_container us_custom_d38acbd5\"><div class=\"vc_column-inner\"><div class=\"w-vwrapper us_custom_9ef015cd align_none valign_top\" style=\"--vwrapper-gap:1rem\"><h3 class=\"w-text us_custom_343a6660\"><span class=\"w-text-h\"><span class=\"w-text-value\">Envase individual<\/span><\/span><\/h3><div class=\"w-hwrapper valign_baseline align_none\" style=\"--hwrapper-gap:0.4rem\"><h4 class=\"w-text us_custom_3832f2b7\"><span class=\"w-text-h\"><span class=\"w-text-value\">250\u20ac<\/span><\/span><\/h4><div class=\"w-text us_custom_57e1857c has_text_color\"><span class=\"w-text-h\"><span class=\"w-text-value\">\/ ning\u00fan ahorro con ello<\/span><\/span><\/div><\/div><div class=\"w-btn-wrapper align_justify\"><a class=\"w-btn us-btn-style_1 us_custom_1b04de86\" href=\"https:\/\/buy.stripe.com\/aEUcNB5areYrb3q000\"><span class=\"w-btn-label\">Comprar paquete individual<\/span><\/a><\/div><\/div><div class=\"w-separator size_custom with_line width_default thick_1 style_solid color_border align_center\" style=\"height:10px\"><div class=\"w-separator-h\"><\/div><\/div><div class=\"w-vwrapper us_custom_9ef015cd align_none valign_top\" style=\"--vwrapper-gap:0.8rem\"><div class=\"w-text us_custom_32838f2e has_text_color\"><span class=\"w-text-h\"><span class=\"w-text-value\">Qu\u00e9 incluye<\/span><\/span><\/div><div class=\"w-text icon_atleft\"><span class=\"w-text-h\"><i class=\"material-icons\">check<\/i><span class=\"w-text-value\">Incluye 1 imagen (3D)<\/span><\/span><\/div><div class=\"w-text icon_atleft\"><span class=\"w-text-h\"><i class=\"material-icons\">check<\/i><span class=\"w-text-value\">Preparaci\u00f3n del producto<\/span><\/span><\/div><div class=\"w-text icon_atleft\"><span class=\"w-text-h\"><i class=\"material-icons\">check<\/i><span class=\"w-text-value\">Grabaci\u00f3n de v\u00eddeo<\/span><\/span><\/div><div class=\"w-text icon_atleft\"><span class=\"w-text-h\"><i class=\"material-icons\">check<\/i><span class=\"w-text-value\">Creaci\u00f3n de la imagen 3D<\/span><\/span><\/div><div class=\"w-text icon_atleft\"><span class=\"w-text-h\"><i class=\"material-icons\">check<\/i><span class=\"w-text-value\">Subir a tu cuenta<\/span><\/span><\/div><div class=\"w-text icon_atleft\"><span class=\"w-text-h\"><i class=\"material-icons\">check<\/i><span class=\"w-text-value\">Entrega en 7-10 d\u00edas<\/span><\/span><\/div><div class=\"w-text icon_atleft\"><span class=\"w-text-h\"><i class=\"material-icons\">check<\/i><span class=\"w-text-value\">Apoyo profesional<\/span><\/span><\/div><\/div><\/div><\/div><div class=\"wpb_column vc_column_container us_custom_1c95e3ae\"><div class=\"vc_column-inner\"><div class=\"w-vwrapper us_custom_9ef015cd align_none valign_top\" style=\"--vwrapper-gap:1rem\"><h3 class=\"w-text us_custom_343a6660\"><span class=\"w-text-h\"><span class=\"w-text-value\">Paquete de 5<\/span><\/span><\/h3><div class=\"w-hwrapper valign_baseline align_none\" style=\"--hwrapper-gap:0.4rem\"><h4 class=\"w-text us_custom_3832f2b7\"><span class=\"w-text-h\"><span class=\"w-text-value\">990\u20ac<\/span><\/span><\/h4><div class=\"w-text us_custom_57e1857c has_text_color\"><span class=\"w-text-h\"><span class=\"w-text-value\">\/ ahorrar\u00e1s 260\u20ac<\/span><\/span><\/div><\/div><div class=\"w-btn-wrapper align_justify\"><a class=\"w-btn us-btn-style_1 us_custom_1b04de86\" href=\"https:\/\/buy.stripe.com\/9AQ9Bp7iz6rV5J65kl\"><span class=\"w-btn-label\">Comprar paquete de 5<\/span><\/a><\/div><\/div><div class=\"w-separator size_custom with_line width_default thick_1 style_solid color_border align_center\" style=\"height:10px\"><div class=\"w-separator-h\"><\/div><\/div><div class=\"w-vwrapper us_custom_9ef015cd align_none valign_top\" style=\"--vwrapper-gap:0.8rem\"><div class=\"w-text us_custom_32838f2e has_text_color\"><span class=\"w-text-h\"><span class=\"w-text-value\">Qu\u00e9 incluye<\/span><\/span><\/div><div class=\"w-text icon_atleft\"><span class=\"w-text-h\"><i class=\"material-icons\">check<\/i><span class=\"w-text-value\">Incluye 5 im\u00e1genes (3D)<\/span><\/span><\/div><div class=\"w-text icon_atleft\"><span class=\"w-text-h\"><i class=\"material-icons\">check<\/i><span class=\"w-text-value\">Preparaci\u00f3n del producto<\/span><\/span><\/div><div class=\"w-text icon_atleft\"><span class=\"w-text-h\"><i class=\"material-icons\">check<\/i><span class=\"w-text-value\">Grabaci\u00f3n de v\u00eddeo<\/span><\/span><\/div><div class=\"w-text icon_atleft\"><span class=\"w-text-h\"><i class=\"material-icons\">check<\/i><span class=\"w-text-value\">Creaci\u00f3n de las im\u00e1genes 3D<\/span><\/span><\/div><div class=\"w-text icon_atleft\"><span class=\"w-text-h\"><i class=\"material-icons\">check<\/i><span class=\"w-text-value\">Creaci\u00f3n de las im\u00e1genes<\/span><\/span><\/div><div class=\"w-text icon_atleft\"><span class=\"w-text-h\"><i class=\"material-icons\">check<\/i><span class=\"w-text-value\">Entrega en 7-10 d\u00edas<\/span><\/span><\/div><div class=\"w-text icon_atleft\"><span class=\"w-text-h\"><i class=\"material-icons\">check<\/i><span class=\"w-text-value\">Apoyo profesional<\/span><\/span><\/div><\/div><\/div><\/div><div class=\"wpb_column vc_column_container us_custom_d38acbd5\"><div class=\"vc_column-inner\"><div class=\"w-vwrapper us_custom_9ef015cd align_none valign_top\" style=\"--vwrapper-gap:1rem\"><h3 class=\"w-text us_custom_343a6660\"><span class=\"w-text-h\"><span class=\"w-text-value\">Paquete de 10<\/span><\/span><\/h3><div class=\"w-hwrapper valign_baseline align_none\" style=\"--hwrapper-gap:0.4rem\"><h4 class=\"w-text us_custom_3832f2b7\"><span class=\"w-text-h\"><span class=\"w-text-value\">1.790\u20ac<\/span><\/span><\/h4><div class=\"w-text us_custom_57e1857c has_text_color\"><span class=\"w-text-h\"><span class=\"w-text-value\">\/ ahorrar\u00e1s 710\u20ac<\/span><\/span><\/div><\/div><div class=\"w-btn-wrapper align_justify\"><a class=\"w-btn us-btn-style_1 us_custom_1b04de86\" href=\"https:\/\/buy.stripe.com\/aEUfZN32j5nRdbydQT\"><span class=\"w-btn-label\">Comprar paquete de 10<\/span><\/a><\/div><\/div><div class=\"w-separator size_custom with_line width_default thick_1 style_solid color_border align_center\" style=\"height:10px\"><div class=\"w-separator-h\"><\/div><\/div><div class=\"w-vwrapper us_custom_9ef015cd align_none valign_top\" style=\"--vwrapper-gap:0.8rem\"><div class=\"w-text us_custom_32838f2e has_text_color\"><span class=\"w-text-h\"><span class=\"w-text-value\">Qu\u00e9 incluye<\/span><\/span><\/div><div class=\"w-text icon_atleft\"><span class=\"w-text-h\"><i class=\"material-icons\">check<\/i><span class=\"w-text-value\">Incluye 10 im\u00e1genes (3D)<\/span><\/span><\/div><div class=\"w-text icon_atleft\"><span class=\"w-text-h\"><i class=\"material-icons\">check<\/i><span class=\"w-text-value\">Preparaci\u00f3n del producto<\/span><\/span><\/div><div class=\"w-text icon_atleft\"><span class=\"w-text-h\"><i class=\"material-icons\">check<\/i><span class=\"w-text-value\">Grabaci\u00f3n de v\u00eddeo<\/span><\/span><\/div><div class=\"w-text icon_atleft\"><span class=\"w-text-h\"><i class=\"material-icons\">check<\/i><span class=\"w-text-value\">Creaci\u00f3n de las im\u00e1genes 3D<\/span><\/span><\/div><div class=\"w-text icon_atleft\"><span class=\"w-text-h\"><i class=\"material-icons\">check<\/i><span class=\"w-text-value\">Subir a tu cuenta<\/span><\/span><\/div><div class=\"w-text icon_atleft\"><span class=\"w-text-h\"><i class=\"material-icons\">check<\/i><span class=\"w-text-value\">Entrega en 7-10 d\u00edas<\/span><\/span><\/div><div class=\"w-text icon_atleft\"><span class=\"w-text-h\"><i class=\"material-icons\">check<\/i><span class=\"w-text-value\">Apoyo profesional<\/span><\/span><\/div><\/div><\/div><\/div><div class=\"wpb_column vc_column_container us_custom_1c95e3ae\"><div class=\"vc_column-inner\"><div class=\"w-vwrapper us_custom_9ef015cd align_none valign_top\" style=\"--vwrapper-gap:1rem\"><h3 class=\"w-text us_custom_343a6660\"><span class=\"w-text-h\"><span class=\"w-text-value\">Empresa<\/span><\/span><\/h3><div class=\"w-hwrapper valign_baseline align_none\" style=\"--hwrapper-gap:0.4rem\"><h4 class=\"w-text us_custom_3832f2b7\"><span class=\"w-text-h\"><span class=\"w-text-value\">TBF<\/span><\/span><\/h4><div class=\"w-text us_custom_57e1857c has_text_color\"><span class=\"w-text-h\"><span class=\"w-text-value\">\/ cu\u00e9ntanos tus necesidades<\/span><\/span><\/div><\/div><div class=\"w-btn-wrapper align_justify\"><a class=\"w-btn us-btn-style_1 us_custom_1b04de86\" href=\"https:\/\/azzcreative.com\/es\/contacta-con-nosotros\/\"><span class=\"w-btn-label\">Contacta con nosotros<\/span><\/a><\/div><\/div><div class=\"w-separator size_custom with_line width_default thick_1 style_solid color_border align_center\" style=\"height:10px\"><div class=\"w-separator-h\"><\/div><\/div><div class=\"w-vwrapper us_custom_9ef015cd align_none valign_top\" style=\"--vwrapper-gap:0.8rem\"><div class=\"w-text us_custom_32838f2e has_text_color\"><span class=\"w-text-h\"><span class=\"w-text-value\">Qu\u00e9 incluye<\/span><\/span><\/div><div class=\"w-text icon_atleft\"><span class=\"w-text-h\"><i class=\"material-icons\">check<\/i><span class=\"w-text-value\">Grandes cat\u00e1logos<\/span><\/span><\/div><div class=\"w-text icon_atleft\"><span class=\"w-text-h\"><i class=\"material-icons\">check<\/i><span class=\"w-text-value\">Otros organismos<\/span><\/span><\/div><div class=\"w-text icon_atleft\"><span class=\"w-text-h\"><i class=\"material-icons\">check<\/i><span class=\"w-text-value\">Asociaciones<\/span><\/span><\/div><div class=\"w-text icon_atleft\"><span class=\"w-text-h\"><i class=\"material-icons\">check<\/i><span class=\"w-text-value\">Requisitos especiales<\/span><\/span><\/div><div class=\"w-text icon_atleft\"><span class=\"w-text-h\"><i class=\"material-icons\">check<\/i><span class=\"w-text-value\">Etiquetas blancas<\/span><\/span><\/div><\/div><\/div><\/div><\/div><\/div><\/div><\/div><\/div><\/section><section class=\"l-section wpb_row height_large color_primary\"><div class=\"l-section-h i-cf\"><div class=\"g-cols vc_row via_grid cols_1 laptops-cols_inherit tablets-cols_inherit mobiles-cols_1 valign_top type_default stacking_default\"><div class=\"wpb_column vc_column_container\"><div class=\"vc_column-inner\"><div class=\"w-actionbox color_primary controls_right\"><div class=\"w-actionbox-text\"><h2 class=\"w-actionbox-title\" style=\"font-size:max( 2rem, 4.5vh )\">\u00bfQuieres aumentar tus ventas en Amazon?<\/h2><\/div><div class=\"w-actionbox-controls\"><a class=\"w-btn us-btn-style_4\" href=\"https:\/\/azzcreative.com\/es\/contacta-con-nosotros\/\" style=\"font-size:1.2rem;\"><span class=\"w-btn-label\">CONTACTA CON NOSOTROS<\/span><\/a><\/div><\/div><\/div><\/div><\/div><\/div><\/section>\n","protected":false},"excerpt":{"rendered":"","protected":false},"author":1,"featured_media":0,"parent":0,"menu_order":0,"comment_status":"closed","ping_status":"closed","template":"","meta":{"footnotes":""},"class_list":["post-7653","page","type-page","status-publish","hentry"],"_links":{"self":[{"href":"https:\/\/azzcreative.com\/es\/wp-json\/wp\/v2\/pages\/7653"}],"collection":[{"href":"https:\/\/azzcreative.com\/es\/wp-json\/wp\/v2\/pages"}],"about":[{"href":"https:\/\/azzcreative.com\/es\/wp-json\/wp\/v2\/types\/page"}],"author":[{"embeddable":true,"href":"https:\/\/azzcreative.com\/es\/wp-json\/wp\/v2\/users\/1"}],"replies":[{"embeddable":true,"href":"https:\/\/azzcreative.com\/es\/wp-json\/wp\/v2\/comments?post=7653"}],"version-history":[{"count":2,"href":"https:\/\/azzcreative.com\/es\/wp-json\/wp\/v2\/pages\/7653\/revisions"}],"predecessor-version":[{"id":7655,"href":"https:\/\/azzcreative.com\/es\/wp-json\/wp\/v2\/pages\/7653\/revisions\/7655"}],"wp:attachment":[{"href":"https:\/\/azzcreative.com\/es\/wp-json\/wp\/v2\/media?parent=7653"}],"curies":[{"name":"wp","href":"https:\/\/api.w.org\/{rel}","templated":true}]}}