{"id":7489,"date":"2024-10-08T18:30:35","date_gmt":"2024-10-08T16:30:35","guid":{"rendered":"https:\/\/azzcreative.com\/notre-processus\/"},"modified":"2024-11-09T20:25:10","modified_gmt":"2024-11-09T18:25:10","slug":"notre-processus","status":"publish","type":"page","link":"https:\/\/azzcreative.com\/fr\/notre-processus\/","title":{"rendered":"Notre processus"},"content":{"rendered":"<section class=\"l-section wpb_row height_auto width_custom color_footer-bottom with_shape\" style=\"--site-content-width:800px;\"><div class=\"l-section-shape type_custom pos_bottom\" style=\"height:50px;\"><svg xmlns=\"http:\/\/www.w3.org\/2000\/svg\" viewBox=\"0 0 64 8\" preserveAspectRatio=\"none\" width=\"100%\" height=\"100%\">\r\n\t<path fill=\"currentColor\" d=\"M64 8 L0 8 L0 0 L64 0 Z\"\/>\r\n<\/svg><\/div><div class=\"l-section-h i-cf\"><div class=\"g-cols vc_row via_grid cols_1 laptops-cols_inherit tablets-cols_inherit mobiles-cols_1 valign_top type_default stacking_default\"><div class=\"wpb_column vc_column_container\"><div class=\"vc_column-inner\"><div class=\"w-separator size_small\"><\/div><h1 class=\"w-text us_custom_f72a0525\"><span class=\"w-text-h\"><span class=\"w-text-value\">Comment fonctionne le processus ?<\/span><\/span><\/h1><div class=\"w-separator size_medium\"><\/div><div class=\"w-btn-wrapper align_center\"><a class=\"w-btn us-btn-style_2 us_custom_f7a1602f icon_atleft text_none\" aria-label=\"Button\" href=\"#\"><i class=\"fas fa-arrow-down\"><\/i><\/a><\/div><\/div><\/div><\/div><\/div><\/section><section class=\"l-section wpb_row height_large\"><div class=\"l-section-h i-cf\"><div class=\"g-cols vc_row via_grid cols_2 laptops-cols_inherit tablets-cols_1 mobiles-cols_1 valign_top type_default stacking_default\"><div class=\"wpb_column vc_column_container type_sticky\"><div class=\"vc_column-inner\"><div class=\"wpb_text_column us_custom_8161a817\"><div class=\"wpb_wrapper\"><h2>Notre processus simple<\/h2>\n<p><span>Nous avons une proc\u00e9dure tr\u00e8s simple pour cr\u00e9er et publier vos images 3D sur Amazon.<\/span><\/p>\n<\/div><\/div><\/div><\/div><div class=\"wpb_column vc_column_container\"><div class=\"vc_column-inner\"><div class=\"wpb_text_column us_custom_d98eb4eb\"><div class=\"wpb_wrapper\"><h3>01.  <span class=\"w-text-h\"><span class=\"w-text-value\">Choisissez votre plan<\/span><\/span><\/h3>\n<p><span>Choisissez votre plan en fonction du nombre de produits que vous souhaitez que nous cr\u00e9ions. Vous pouvez effectuer le paiement directement ou nous contacter pour vous aider \u00e0 prendre votre d\u00e9cision. <\/span><\/p>\n<p>Consultez les <a href=\"https:\/\/azzcreative.com\/amazon-3d-prices\/\">prix de<\/a> nos <a href=\"https:\/\/azzcreative.com\/amazon-3d-prices\/\">packs<\/a> ou <a href=\"https:\/\/azzcreative.com\/about-2-2\/\">contactez-nous<\/a><\/p>\n<\/div><\/div><div class=\"w-separator size_large\"><\/div><div class=\"wpb_text_column us_custom_d98eb4eb\"><div class=\"wpb_wrapper\"><h3>02. <span>Exp\u00e9diez vos produits<\/span><\/h3>\n<p>Pour cr\u00e9er des vid\u00e9os et des images en 3D, nous devons recevoir les produits dans nos bureaux afin de garantir la meilleure qualit\u00e9 possible.  <span>Nous disposons de points d&rsquo;exp\u00e9dition locaux dans votre pays. Une fois les images 3D cr\u00e9\u00e9es, nous pouvons vous renvoyer les produits, les donner ou les \u00e9liminer, selon vos pr\u00e9f\u00e9rences. <\/span><\/p>\n<p>Toutefois, si vous avez des produits tr\u00e8s volumineux et\/ou tr\u00e8s lourds, ou si vous n&rsquo;\u00eates pas en mesure de les envoyer, nous pouvons vous proposer des solutions personnalis\u00e9es adapt\u00e9es \u00e0 vos besoins.  <a href=\"https:\/\/azzcreative.com\/about-2-2\/\">Contactez nous<\/a><\/p>\n<\/div><\/div><div class=\"w-separator size_large\"><\/div><div class=\"wpb_text_column us_custom_d98eb4eb\"><div class=\"wpb_wrapper\"><h3>03.  <span class=\"w-text-h\"><span class=\"w-text-value\">Cr\u00e9ation des 3D<\/span><\/span><\/h3>\n<p><span>Notre \u00e9quipe cr\u00e9e des images 3D \u00e0 partir de vid\u00e9os que nous produisons ou que nous recevons du client, en utilisant une technologie certifi\u00e9e et approuv\u00e9e par Amazon. Notre \u00e9quipe sp\u00e9cialis\u00e9e prend en charge l&rsquo;ensemble du processus, du d\u00e9but \u00e0 la fin. <\/span><\/p>\n<p><span>Nous \u00e9clairons et scannons votre produit de mani\u00e8re professionnelle, afin qu&rsquo;il soit pr\u00eat \u00e0 \u00eatre utilis\u00e9 dans votre fiche Amazon.<\/span><\/p>\n<\/div><\/div><div class=\"w-separator size_large\"><\/div><div class=\"wpb_text_column us_custom_d98eb4eb\"><div class=\"wpb_wrapper\"><h3>04.  <span class=\"w-text-h\"><span class=\"w-text-value\">Publication sur Amazon<\/span><\/span><\/h3>\n<p data-pm-slice=\"1 1 &#091;&#093;\"><span>Une fois que nous avons t\u00e9l\u00e9charg\u00e9 le mat\u00e9riel sur le compte Amazon du client, il est approuv\u00e9 et vous pouvez commencer \u00e0 profiter des images 3D sur vos listes.<\/span><\/p>\n<p><span>Pour ce processus, les marques doivent nous accorder un acc\u00e8s limit\u00e9 \u00e0 leur compte Seller ou Vendor Central afin de pouvoir t\u00e9l\u00e9charger des actifs.<\/span><\/p>\n<p><span>L&rsquo;approbation d&rsquo;Amazon prend g\u00e9n\u00e9ralement de 5 \u00e0 7 jours ouvrables, mais selon les conditions l\u00e9gales, elle peut prendre de 2 \u00e0 3 semaines.<\/span><\/p>\n<\/div><\/div><\/div><\/div><\/div><\/div><\/section><section class=\"l-section wpb_row us_custom_315b8835 height_large color_footer-bottom\"><div class=\"l-section-h i-cf\"><div class=\"g-cols vc_row via_grid cols_1 laptops-cols_inherit tablets-cols_inherit mobiles-cols_1 valign_middle type_default stacking_default\"><div class=\"wpb_column vc_column_container\"><div class=\"vc_column-inner\"><div class=\"g-cols wpb_row us_custom_064683f9 has_text_color via_grid cols_2 laptops-cols_inherit tablets-cols_1 mobiles-cols_1 valign_middle type_default stacking_default\" style=\"--gap:0rem;\"><div class=\"wpb_column vc_column_container us_custom_2c279b99\"><div class=\"vc_column-inner\"><div class=\"w-text us_custom_76f243cd has_text_color\"><span class=\"w-text-h\"><span class=\"w-text-value\">Vous avez un projet ?<\/span><\/span><\/div><h2 class=\"w-text\"><span class=\"w-text-h\"><span class=\"w-text-value\">Boostez vos ventes d\u00e8s aujourd&apos;hui !<\/span><\/span><\/h2><\/div><\/div><div class=\"wpb_column vc_column_container us_custom_16154244\"><div class=\"vc_column-inner\"><div class=\"w-btn-wrapper default_align_right laptops_align_right tablets_align_left mobiles_align_left\"><a class=\"w-btn us-btn-style_2 us_custom_b4198c51\" href=\"https:\/\/azzcreative.com\/about-2-2\/\"><span class=\"w-btn-label\">Commencez maintenant<\/span><\/a><\/div><\/div><\/div><\/div><\/div><\/div><\/div><\/div><\/section>\n","protected":false},"excerpt":{"rendered":"","protected":false},"author":1,"featured_media":0,"parent":0,"menu_order":0,"comment_status":"closed","ping_status":"closed","template":"","meta":{"footnotes":""},"class_list":["post-7489","page","type-page","status-publish","hentry"],"_links":{"self":[{"href":"https:\/\/azzcreative.com\/fr\/wp-json\/wp\/v2\/pages\/7489"}],"collection":[{"href":"https:\/\/azzcreative.com\/fr\/wp-json\/wp\/v2\/pages"}],"about":[{"href":"https:\/\/azzcreative.com\/fr\/wp-json\/wp\/v2\/types\/page"}],"author":[{"embeddable":true,"href":"https:\/\/azzcreative.com\/fr\/wp-json\/wp\/v2\/users\/1"}],"replies":[{"embeddable":true,"href":"https:\/\/azzcreative.com\/fr\/wp-json\/wp\/v2\/comments?post=7489"}],"version-history":[{"count":5,"href":"https:\/\/azzcreative.com\/fr\/wp-json\/wp\/v2\/pages\/7489\/revisions"}],"predecessor-version":[{"id":7553,"href":"https:\/\/azzcreative.com\/fr\/wp-json\/wp\/v2\/pages\/7489\/revisions\/7553"}],"wp:attachment":[{"href":"https:\/\/azzcreative.com\/fr\/wp-json\/wp\/v2\/media?parent=7489"}],"curies":[{"name":"wp","href":"https:\/\/api.w.org\/{rel}","templated":true}]}}