{"id":7510,"date":"2021-11-18T22:20:13","date_gmt":"2021-11-18T20:20:13","guid":{"rendered":"https:\/\/azzcreative.com\/a-propos-de\/"},"modified":"2024-10-27T12:42:55","modified_gmt":"2024-10-27T10:42:55","slug":"a-propos-de","status":"publish","type":"page","link":"https:\/\/azzcreative.com\/fr\/a-propos-de\/","title":{"rendered":"A propos de"},"content":{"rendered":"<section class=\"l-section wpb_row height_large\"><div class=\"l-section-h i-cf\"><div class=\"g-cols vc_row via_grid cols_1 laptops-cols_inherit tablets-cols_inherit mobiles-cols_1 valign_top type_default stacking_default\" style=\"--gap:6rem;\"><div class=\"wpb_column vc_column_container\"><div class=\"vc_column-inner\"><div class=\"g-cols wpb_row via_grid cols_3-2 laptops-cols_inherit tablets-cols_inherit mobiles-cols_1 valign_top type_default stacking_default\" style=\"--gap:5.2rem;\"><div class=\"wpb_column vc_column_container\"><div class=\"vc_column-inner\"><h1 class=\"w-text\"><span class=\"w-text-h\"><span class=\"w-text-value\">\u00c0 propos de AzzCreative<\/span><\/span><\/h1><div class=\"wpb_text_column us_custom_59aa275c\"><div class=\"wpb_wrapper\"><p>AzzCreative a \u00e9t\u00e9 fond\u00e9e pour stimuler les ventes des marques en am\u00e9liorant les listes de produits par la cr\u00e9ation d&rsquo;images 3D et d&rsquo;autres contenus \u00e0 valeur ajout\u00e9e. Nous faisons partie d&rsquo;Azz Group, une soci\u00e9t\u00e9 sp\u00e9cialis\u00e9e dans la gestion des marques sur Amazon, le commerce \u00e9lectronique et d&rsquo;autres plateformes, offrant des services dans le monde entier. <\/p>\n<\/div><\/div><div class=\"w-separator size_medium with_line width_default thick_1 style_solid color_border align_center\"><div class=\"w-separator-h\"><\/div><\/div><div class=\"w-hwrapper valign_top wrap align_none\" style=\"--hwrapper-gap:4rem\"><div class=\"w-counter us_custom_6fe6fc27 color_primary align_left has_font_size\" data-duration=\"1\"><div class=\"w-counter-value\"><span class=\"w-counter-value-part type_text\" data-final=\"\"><\/span><span class=\"w-counter-value-part type_number\" data-final=\"6\">1<\/span><span class=\"w-counter-value-part type_text\" data-final=\" ans\"> an<\/span><\/div><div class=\"w-counter-title\">d&apos;exp\u00e9rience r\u00e9ussie<\/div><\/div><div class=\"w-counter us_custom_697fe15d color_primary align_left has_font_size\" data-duration=\"1\"><div class=\"w-counter-value\"><span class=\"w-counter-value-part type_text\" data-final=\"+\"><\/span><span class=\"w-counter-value-part type_number\" data-final=\"127,000\">25,000<\/span><span class=\"w-counter-value-part type_text\" data-final=\"\"><\/span><\/div><div class=\"w-counter-title\">Listes Amazon sous gestion<\/div><\/div><\/div><div class=\"w-separator size_medium with_line width_default thick_1 style_solid color_border align_center\"><div class=\"w-separator-h\"><\/div><\/div><div class=\"wpb_text_column\"><div class=\"wpb_wrapper\"><p>Contrairement \u00e0 d&rsquo;autres soci\u00e9t\u00e9s de conseil, nous avons acquis notre expertise gr\u00e2ce \u00e0 notre exp\u00e9rience directe, en vendant des milliers de produits dans le monde entier via Amazon, en d\u00e9veloppant notre propre technologie sp\u00e9cialis\u00e9e et en travaillant avec des marques exigeantes et de premier plan qui nous poussent \u00e0 nous am\u00e9liorer chaque jour.<\/p>\n<\/div><\/div><\/div><\/div><div class=\"wpb_column vc_column_container\"><div class=\"vc_column-inner\"><div class=\"w-image align_none\"><div class=\"w-image-h\"><img loading=\"lazy\" decoding=\"async\" width=\"720\" height=\"650\" src=\"https:\/\/azzcreative.com\/wp-content\/uploads\/2024\/10\/AZZ-LOGO.png\" class=\"attachment-full size-full\" alt=\"\" loading=\"lazy\" srcset=\"https:\/\/azzcreative.com\/wp-content\/uploads\/2024\/10\/AZZ-LOGO.png 720w, https:\/\/azzcreative.com\/wp-content\/uploads\/2024\/10\/AZZ-LOGO-300x271.png 300w\" sizes=\"(max-width: 720px) 100vw, 720px\" \/><\/div><\/div><\/div><\/div><\/div><\/div><\/div><\/div><\/div><\/section><section class=\"l-section wpb_row height_large color_primary\"><div class=\"l-section-h i-cf\"><div class=\"g-cols vc_row via_grid cols_1 laptops-cols_inherit tablets-cols_inherit mobiles-cols_1 valign_top type_default stacking_default\"><div class=\"wpb_column vc_column_container\"><div class=\"vc_column-inner\"><div class=\"w-grid type_grid layout_gallery_default cols_8\" id=\"us_grid_1\" style=\"--gap:1.5rem;\" data-filterable=\"true\"><style>@media (max-width:1380px){#us_grid_1 .w-grid-item{width:25%}}@media (max-width:1024px){#us_grid_1 .w-grid-item{width:50%}}@media (max-width:600px){#us_grid_1 .w-grid-item{width:50%}}.layout_gallery_default .w-grid-item-h{}<\/style><div class=\"w-grid-list\">\t<article class=\"w-grid-item size_1x1 post-5859 attachment type-attachment status-inherit hentry\" data-id=\"5859\">\r\n\t\t<div class=\"w-grid-item-h\">\r\n\t\t\t\t\t\t<div class=\"w-post-elm post_image usg_post_image_1 stretched\"><img fetchpriority=\"high\" decoding=\"async\" width=\"1024\" height=\"1024\" src=\"https:\/\/azzcreative.com\/wp-content\/uploads\/2021\/11\/us-placeholder-landscape-1024x1024.jpg\" class=\"attachment-large size-large\" alt=\"\" srcset=\"https:\/\/azzcreative.com\/wp-content\/uploads\/2021\/11\/us-placeholder-landscape-1024x1024.jpg 1024w, https:\/\/azzcreative.com\/wp-content\/uploads\/2021\/11\/us-placeholder-landscape-300x300.jpg 300w, https:\/\/azzcreative.com\/wp-content\/uploads\/2021\/11\/us-placeholder-landscape-150x150.jpg 150w, https:\/\/azzcreative.com\/wp-content\/uploads\/2021\/11\/us-placeholder-landscape.jpg 1600w\" sizes=\"(max-width: 1024px) 100vw, 1024px\" \/><\/div>\t\t<\/div>\r\n\t\t\t<\/article>\r\n\t<article class=\"w-grid-item size_1x1 post-5863 attachment type-attachment status-inherit hentry\" data-id=\"5863\">\r\n\t\t<div class=\"w-grid-item-h\">\r\n\t\t\t\t\t\t<div class=\"w-post-elm post_image usg_post_image_1 stretched\"><img decoding=\"async\" width=\"1024\" height=\"1024\" src=\"https:\/\/azzcreative.com\/wp-content\/uploads\/2021\/12\/us-placeholder-square-1-1024x1024.jpg\" class=\"attachment-large size-large\" alt=\"\" srcset=\"https:\/\/azzcreative.com\/wp-content\/uploads\/2021\/12\/us-placeholder-square-1-1024x1024.jpg 1024w, https:\/\/azzcreative.com\/wp-content\/uploads\/2021\/12\/us-placeholder-square-1-300x300.jpg 300w, https:\/\/azzcreative.com\/wp-content\/uploads\/2021\/12\/us-placeholder-square-1-150x150.jpg 150w, https:\/\/azzcreative.com\/wp-content\/uploads\/2021\/12\/us-placeholder-square-1.jpg 1600w\" sizes=\"(max-width: 1024px) 100vw, 1024px\" \/><\/div>\t\t<\/div>\r\n\t\t\t<\/article>\r\n\t<article class=\"w-grid-item size_1x1 post-5827 attachment type-attachment status-inherit hentry\" data-id=\"5827\">\r\n\t\t<div class=\"w-grid-item-h\">\r\n\t\t\t\t\t\t<div class=\"w-post-elm post_image usg_post_image_1 stretched\"><img decoding=\"async\" width=\"1024\" height=\"1024\" src=\"https:\/\/azzcreative.com\/wp-content\/uploads\/2021\/11\/us-placeholder-portrait-1024x1024.jpg\" class=\"attachment-large size-large\" alt=\"\" srcset=\"https:\/\/azzcreative.com\/wp-content\/uploads\/2021\/11\/us-placeholder-portrait-1024x1024.jpg 1024w, https:\/\/azzcreative.com\/wp-content\/uploads\/2021\/11\/us-placeholder-portrait-300x300.jpg 300w, https:\/\/azzcreative.com\/wp-content\/uploads\/2021\/11\/us-placeholder-portrait-150x150.jpg 150w, https:\/\/azzcreative.com\/wp-content\/uploads\/2021\/11\/us-placeholder-portrait.jpg 1600w\" sizes=\"(max-width: 1024px) 100vw, 1024px\" \/><\/div>\t\t<\/div>\r\n\t\t\t<\/article>\r\n\t<article class=\"w-grid-item size_1x1 post-7395 attachment type-attachment status-inherit hentry\" data-id=\"7395\">\r\n\t\t<div class=\"w-grid-item-h\">\r\n\t\t\t\t\t\t<div class=\"w-post-elm post_image usg_post_image_1 stretched\"><img loading=\"lazy\" decoding=\"async\" width=\"400\" height=\"140\" src=\"https:\/\/azzcreative.com\/wp-content\/uploads\/2024\/09\/Pepsico-2.png\" class=\"attachment-large size-large\" alt=\"\" srcset=\"https:\/\/azzcreative.com\/wp-content\/uploads\/2024\/09\/Pepsico-2.png 400w, https:\/\/azzcreative.com\/wp-content\/uploads\/2024\/09\/Pepsico-2-300x105.png 300w\" sizes=\"(max-width: 400px) 100vw, 400px\" \/><\/div>\t\t<\/div>\r\n\t\t\t<\/article>\r\n\t<article class=\"w-grid-item size_1x1 post-7391 attachment type-attachment status-inherit hentry\" data-id=\"7391\">\r\n\t\t<div class=\"w-grid-item-h\">\r\n\t\t\t\t\t\t<div class=\"w-post-elm post_image usg_post_image_1 stretched\"><img loading=\"lazy\" decoding=\"async\" width=\"250\" height=\"140\" src=\"https:\/\/azzcreative.com\/wp-content\/uploads\/2024\/09\/PG-copia-1.png\" class=\"attachment-large size-large\" alt=\"\" \/><\/div>\t\t<\/div>\r\n\t\t\t<\/article>\r\n<\/div><div class=\"w-grid-preloader\">\t<div class=\"g-preloader type_1\">\r\n\t\t<div><\/div>\r\n\t<\/div>\r\n\t<\/div>\t<div class=\"w-grid-json hidden\" onclick='return {&quot;action&quot;:&quot;us_ajax_grid&quot;,&quot;infinite_scroll&quot;:0,&quot;max_num_pages&quot;:1,&quot;pagination&quot;:&quot;none&quot;,&quot;template_vars&quot;:{&quot;columns&quot;:&quot;8&quot;,&quot;exclude_items&quot;:&quot;none&quot;,&quot;img_size&quot;:&quot;default&quot;,&quot;ignore_items_size&quot;:0,&quot;items_layout&quot;:&quot;gallery_default&quot;,&quot;items_offset&quot;:&quot;1&quot;,&quot;load_animation&quot;:&quot;none&quot;,&quot;overriding_link&quot;:&quot;{\\&quot;url\\&quot;:\\&quot;\\&quot;}&quot;,&quot;post_id&quot;:0,&quot;query_args&quot;:{&quot;post_type&quot;:[&quot;attachment&quot;],&quot;post__in&quot;:[&quot;1347&quot;,&quot;1361&quot;,&quot;1204&quot;,&quot;5304&quot;,&quot;5303&quot;],&quot;post_status&quot;:&quot;inherit&quot;,&quot;post_mime_type&quot;:&quot;image&quot;,&quot;posts_per_page&quot;:&quot;10&quot;},&quot;orderby_query_args&quot;:{&quot;orderby&quot;:{&quot;post__in&quot;:&quot;ASC&quot;},&quot;order&quot;:&quot;ASC&quot;},&quot;type&quot;:&quot;grid&quot;,&quot;us_grid_post_type&quot;:&quot;attachment&quot;,&quot;us_grid_ajax_index&quot;:1,&quot;us_grid_filter_query_string&quot;:null,&quot;us_grid_index&quot;:1,&quot;page_args&quot;:[],&quot;lang&quot;:&quot;fr&quot;}}'><\/div>\r\n\t<\/div><\/div><\/div><\/div><\/div><\/section><section class=\"l-section wpb_row height_large\"><div class=\"l-section-h i-cf\"><div class=\"g-cols vc_row via_grid cols_1 laptops-cols_inherit tablets-cols_inherit mobiles-cols_1 valign_top type_default stacking_default\"><div class=\"wpb_column vc_column_container\"><div class=\"vc_column-inner\"><div class=\"wpb_text_column\"><div class=\"wpb_wrapper\"><h2 style=\"text-align: center;\"><span>Azz Group fournit des services globaux d&rsquo;Amazon et de commerce \u00e9lectronique<\/span><\/h2>\n<\/div><\/div><div class=\"w-separator size_medium\"><\/div><div class=\"wpb_text_column us_custom_99dce4f6\"><div class=\"wpb_wrapper\"><p style=\"text-align: center;\"><span>Nous aidons les marques \u00e0 augmenter leurs ventes sur Amazon et d&rsquo;autres places de march\u00e9 gr\u00e2ce \u00e0 notre expertise, notre technologie, nos donn\u00e9es et notre excellence op\u00e9rationnelle.<\/span><\/p>\n<\/div><\/div><div class=\"w-separator size_large\"><\/div><div class=\"g-cols wpb_row via_grid cols_2 laptops-cols_inherit tablets-cols_inherit mobiles-cols_1 valign_top type_default\" style=\"--gap:6vh;\"><div class=\"wpb_column vc_column_container\"><div class=\"vc_column-inner\"><div class=\"w-iconbox iconpos_left style_default color_primary align_none\"><div class=\"w-iconbox-icon\" style=\"font-size:3rem;\"><i class=\"material-icons\">design_services<\/i><\/div><div class=\"w-iconbox-meta\"><h3 class=\"w-iconbox-title\">Cr\u00e9ation de contenu<\/h3><div class=\"w-iconbox-text\"><p><span>Nous vous aidons \u00e0 stimuler les ventes et \u00e0 am\u00e9liorer la notori\u00e9t\u00e9 de votre marque gr\u00e2ce \u00e0 un contenu exceptionnel.<\/span><\/p>\n<ul>\n<li>Mod\u00e8les 3D et vid\u00e9os d&rsquo;Amazon<\/li>\n<li>R\u00e9daction de contenu et optimisation du r\u00e9f\u00e9rencement<\/li>\n<li>Image designs, A+, A+ Premium &amp; Brand Stores<\/li>\n<li>Actifs publicitaires<\/li>\n<\/ul>\n<\/div><\/div><\/div><\/div><\/div><div class=\"wpb_column vc_column_container\"><div class=\"vc_column-inner\"><div class=\"w-iconbox iconpos_left style_default color_primary align_none\"><div class=\"w-iconbox-icon\" style=\"font-size:3rem;\"><i class=\"material-icons\">code<\/i><\/div><div class=\"w-iconbox-meta\"><h3 class=\"w-iconbox-title\">Technologie et donn\u00e9es<\/h3><div class=\"w-iconbox-text\"><p><span>D\u00e9couvrez notre technologie Amazon, <\/span><strong>fredda.\u00ae<\/strong><span>avec plus de 100 fonctionnalit\u00e9s disponibles.<\/span><\/p>\n<ul>\n<li>Vente au d\u00e9tail &#8211; Vendor Central &amp; Seller Central<\/li>\n<li>Buy Box, Pricing, Market Share, Competition&#8230;<\/li>\n<li>M\u00e9dias de d\u00e9tail, DSP, part de voix et AMC<\/li>\n<li>Contenu, moniteur de march\u00e9 et rapports avanc\u00e9s<\/li>\n<\/ul>\n<\/div><\/div><\/div><\/div><\/div><div class=\"wpb_column vc_column_container\"><div class=\"vc_column-inner\"><div class=\"w-iconbox iconpos_left style_default color_primary align_none\"><div class=\"w-iconbox-icon\" style=\"font-size:3rem;\"><i class=\"material-icons\">api<\/i><\/div><div class=\"w-iconbox-meta\"><h3 class=\"w-iconbox-title\">Strat\u00e9gie et gestion<\/h3><div class=\"w-iconbox-text\"><p><span>Nous g\u00e9rons la strat\u00e9gie et les op\u00e9rations quotidiennes de votre compte avec des \u00e9quipes internationales hautement sp\u00e9cialis\u00e9es.<\/span><\/p>\n<ul>\n<li>Strat\u00e9gie de marque<\/li>\n<li>Op\u00e9rations quotidiennes dans le Vendor &amp; Seller Central<\/li>\n<li>Critiques, r\u00e9putation, prix et bo\u00eete d&rsquo;achat<\/li>\n<\/ul>\n<\/div><\/div><\/div><\/div><\/div><div class=\"wpb_column vc_column_container\"><div class=\"vc_column-inner\"><div class=\"w-iconbox iconpos_left style_default color_primary align_none\"><div class=\"w-iconbox-icon\" style=\"font-size:3rem;\"><i class=\"material-icons\">star<\/i><\/div><div class=\"w-iconbox-meta\"><h3 class=\"w-iconbox-title\">Publicit\u00e9<\/h3><div class=\"w-iconbox-text\"><p><span>Maximisez les r\u00e9sultats de votre campagne gr\u00e2ce \u00e0 la combinaison gagnante du talent et de notre technologie interne.<\/span><\/p>\n<ul>\n<li><span>Nous sommes un partenaire avanc\u00e9 d&rsquo;Amazon.<\/span><\/li>\n<li>DSP, Prime video et Amazon Marketing Cloud<\/li>\n<li>Annonces Amazon  <\/li>\n<\/ul>\n<\/div><\/div><\/div><\/div><\/div><div class=\"wpb_column vc_column_container\"><div class=\"vc_column-inner\"><div class=\"w-iconbox iconpos_left style_default color_primary align_none\"><div class=\"w-iconbox-icon\" style=\"font-size:3rem;\"><i class=\"material-icons\">cloud<\/i><\/div><div class=\"w-iconbox-meta\"><h3 class=\"w-iconbox-title\">Amazon Marketing Cloud<\/h3><div class=\"w-iconbox-text\"><p><span>Nous disposons d&rsquo;une \u00e9quipe d&rsquo;experts en AMC et d&rsquo;une technologie propri\u00e9taire avec plus de 50 tableaux de bord personnalis\u00e9s.<\/span><\/p>\n<ul>\n<li><span>Technologie propri\u00e9taire<\/span> <\/li>\n<li><span>Optimisations publicitaires avanc\u00e9es<\/span><\/li>\n<li><span>Des donn\u00e9es sophistiqu\u00e9es pour vos campagnes<\/span><\/li>\n<\/ul>\n<\/div><\/div><\/div><\/div><\/div><div class=\"wpb_column vc_column_container\"><div class=\"vc_column-inner\"><div class=\"w-iconbox iconpos_left style_default color_primary align_none\"><div class=\"w-iconbox-icon\" style=\"font-size:3rem;\"><i class=\"material-icons\">edit<\/i><\/div><div class=\"w-iconbox-meta\"><h3 class=\"w-iconbox-title\">Autres places de march\u00e9<\/h3><div class=\"w-iconbox-text\"><p><span>Nous disposons d&rsquo;\u00e9quipes sp\u00e9cialis\u00e9es dans le commerce \u00e9lectronique et la gestion d&rsquo;autres places de march\u00e9 telles que Shein, Temu, Walmart, Mercado Libre et diverses autres plateformes dans le monde entier.<\/span><\/p>\n<ul>\n<li><span>Ex\u00e9cution avec des entrep\u00f4ts internes et des entrep\u00f4ts de tiers<\/span><\/li>\n<li><span>Conseil et gestion des comptes<\/span><\/li>\n<li><span>Expertise en mati\u00e8re de donn\u00e9es, de technologie et de m\u00e9dias de d\u00e9tail<\/span><\/li>\n<\/ul>\n<\/div><\/div><\/div><\/div><\/div><\/div><\/div><\/div><\/div><\/div><\/section><section class=\"l-section wpb_row height_large color_primary\"><div class=\"l-section-h i-cf\"><div class=\"g-cols vc_row via_grid cols_1 laptops-cols_inherit tablets-cols_inherit mobiles-cols_1 valign_top type_default stacking_default\"><div class=\"wpb_column vc_column_container\"><div class=\"vc_column-inner\"><div class=\"w-actionbox color_primary controls_right\"><div class=\"w-actionbox-text\"><h2 class=\"w-actionbox-title\" style=\"font-size:max( 2rem, 4.5vh )\">Vous souhaitez augmenter vos ventes sur Amazon ?<\/h2><\/div><div class=\"w-actionbox-controls\"><a class=\"w-btn us-btn-style_4\" href=\"#\" style=\"font-size:1.2rem;\"><span class=\"w-btn-label\">COMMENCEZ AUJOURD&apos;HUI<\/span><\/a><\/div><\/div><\/div><\/div><\/div><\/div><\/section>\n","protected":false},"excerpt":{"rendered":"","protected":false},"author":1,"featured_media":0,"parent":0,"menu_order":0,"comment_status":"closed","ping_status":"closed","template":"","meta":{"footnotes":""},"class_list":["post-7510","page","type-page","status-publish","hentry"],"_links":{"self":[{"href":"https:\/\/azzcreative.com\/fr\/wp-json\/wp\/v2\/pages\/7510"}],"collection":[{"href":"https:\/\/azzcreative.com\/fr\/wp-json\/wp\/v2\/pages"}],"about":[{"href":"https:\/\/azzcreative.com\/fr\/wp-json\/wp\/v2\/types\/page"}],"author":[{"embeddable":true,"href":"https:\/\/azzcreative.com\/fr\/wp-json\/wp\/v2\/users\/1"}],"replies":[{"embeddable":true,"href":"https:\/\/azzcreative.com\/fr\/wp-json\/wp\/v2\/comments?post=7510"}],"version-history":[{"count":5,"href":"https:\/\/azzcreative.com\/fr\/wp-json\/wp\/v2\/pages\/7510\/revisions"}],"predecessor-version":[{"id":7515,"href":"https:\/\/azzcreative.com\/fr\/wp-json\/wp\/v2\/pages\/7510\/revisions\/7515"}],"wp:attachment":[{"href":"https:\/\/azzcreative.com\/fr\/wp-json\/wp\/v2\/media?parent=7510"}],"curies":[{"name":"wp","href":"https:\/\/api.w.org\/{rel}","templated":true}]}}