{"id":7554,"date":"2024-09-30T00:01:33","date_gmt":"2024-09-29T22:01:33","guid":{"rendered":"https:\/\/azzcreative.com\/prix\/"},"modified":"2024-11-09T20:28:41","modified_gmt":"2024-11-09T18:28:41","slug":"prix","status":"publish","type":"page","link":"https:\/\/azzcreative.com\/fr\/prix\/","title":{"rendered":"Prix"},"content":{"rendered":"<section class=\"l-section wpb_row height_large\"><div class=\"l-section-h i-cf\"><div class=\"g-cols vc_row via_grid cols_1 laptops-cols_inherit tablets-cols_inherit mobiles-cols_1 valign_top type_default stacking_default\"><div class=\"wpb_column vc_column_container\"><div class=\"vc_column-inner\"><div class=\"wpb_text_column us_custom_2e9da019\"><div class=\"wpb_wrapper\"><h2 style=\"text-align: center;\">Plans de tarification<\/h2>\n<p style=\"text-align: center;\"><span>Nous proposons des plans adapt\u00e9s \u00e0 chaque entreprise et \u00e0 chaque budget. Il vous suffit de nous faire part de vos besoins et nous vous proposerons la solution id\u00e9ale. C&rsquo;est aussi simple que cela.  <\/span>.<\/p>\n<\/div><\/div><div class=\"w-separator size_medium\"><\/div><div class=\"g-cols wpb_row via_grid cols_4 laptops-cols_2 tablets-cols_2 mobiles-cols_1 valign_top type_default stacking_default\" style=\"--gap:1.5rem;\"><div class=\"wpb_column vc_column_container us_custom_d38acbd5\"><div class=\"vc_column-inner\"><div class=\"w-vwrapper us_custom_9ef015cd align_none valign_top\" style=\"--vwrapper-gap:1rem\"><h3 class=\"w-text us_custom_343a6660\"><span class=\"w-text-h\"><span class=\"w-text-value\">Paquet unique<\/span><\/span><\/h3><div class=\"w-hwrapper valign_baseline align_none\" style=\"--hwrapper-gap:0.4rem\"><h4 class=\"w-text us_custom_3832f2b7\"><span class=\"w-text-h\"><span class=\"w-text-value\">250\u20ac<\/span><\/span><\/h4><div class=\"w-text us_custom_57e1857c has_text_color\"><span class=\"w-text-h\"><span class=\"w-text-value\">\/ pas d&apos;\u00e9conomies avec elle<\/span><\/span><\/div><\/div><div class=\"w-btn-wrapper align_justify\"><a class=\"w-btn us-btn-style_1 us_custom_1b04de86\" href=\"https:\/\/buy.stripe.com\/test_eVag1e1Pz1Dw7RK5kk\"><span class=\"w-btn-label\">Acheter un paquet unique<\/span><\/a><\/div><\/div><div class=\"w-separator size_custom with_line width_default thick_1 style_solid color_border align_center\" style=\"height:10px\"><div class=\"w-separator-h\"><\/div><\/div><div class=\"w-vwrapper us_custom_9ef015cd align_none valign_top\" style=\"--vwrapper-gap:0.8rem\"><div class=\"w-text us_custom_32838f2e has_text_color\"><span class=\"w-text-h\"><span class=\"w-text-value\">Ce qui est inclus<\/span><\/span><\/div><div class=\"w-text icon_atleft\"><span class=\"w-text-h\"><i class=\"material-icons\">check<\/i><span class=\"w-text-value\">Comprend 1 image (3D)<\/span><\/span><\/div><div class=\"w-text icon_atleft\"><span class=\"w-text-h\"><i class=\"material-icons\">check<\/i><span class=\"w-text-value\">Pr\u00e9paration des produits<\/span><\/span><\/div><div class=\"w-text icon_atleft\"><span class=\"w-text-h\"><i class=\"material-icons\">check<\/i><span class=\"w-text-value\">Enregistrement vid\u00e9o<\/span><\/span><\/div><div class=\"w-text icon_atleft\"><span class=\"w-text-h\"><i class=\"material-icons\">check<\/i><span class=\"w-text-value\">Cr\u00e9ation de l&apos;image 3D<\/span><\/span><\/div><div class=\"w-text icon_atleft\"><span class=\"w-text-h\"><i class=\"material-icons\">check<\/i><span class=\"w-text-value\">T\u00e9l\u00e9charger sur votre compte<\/span><\/span><\/div><div class=\"w-text icon_atleft\"><span class=\"w-text-h\"><i class=\"material-icons\">check<\/i><span class=\"w-text-value\">Livraison en 7-10 jours<\/span><\/span><\/div><div class=\"w-text icon_atleft\"><span class=\"w-text-h\"><i class=\"material-icons\">check<\/i><span class=\"w-text-value\">Soutien professionnel<\/span><\/span><\/div><\/div><\/div><\/div><div class=\"wpb_column vc_column_container us_custom_1c95e3ae\"><div class=\"vc_column-inner\"><div class=\"w-vwrapper us_custom_9ef015cd align_none valign_top\" style=\"--vwrapper-gap:1rem\"><h3 class=\"w-text us_custom_343a6660\"><span class=\"w-text-h\"><span class=\"w-text-value\">5 Packs<\/span><\/span><\/h3><div class=\"w-hwrapper valign_baseline align_none\" style=\"--hwrapper-gap:0.4rem\"><h4 class=\"w-text us_custom_3832f2b7\"><span class=\"w-text-h\"><span class=\"w-text-value\">990\u20ac<\/span><\/span><\/h4><div class=\"w-text us_custom_57e1857c has_text_color\"><span class=\"w-text-h\"><span class=\"w-text-value\">\/ vous \u00e9conomisez 260<\/span><\/span><\/div><\/div><div class=\"w-btn-wrapper align_justify\"><a class=\"w-btn us-btn-style_1 us_custom_1b04de86\" href=\"https:\/\/buy.stripe.com\/test_aEU3esbq9dme5JCaEF\"><span class=\"w-btn-label\">Acheter un pack de 5<\/span><\/a><\/div><\/div><div class=\"w-separator size_custom with_line width_default thick_1 style_solid color_border align_center\" style=\"height:10px\"><div class=\"w-separator-h\"><\/div><\/div><div class=\"w-vwrapper us_custom_9ef015cd align_none valign_top\" style=\"--vwrapper-gap:0.8rem\"><div class=\"w-text us_custom_32838f2e has_text_color\"><span class=\"w-text-h\"><span class=\"w-text-value\">Ce qui est inclus<\/span><\/span><\/div><div class=\"w-text icon_atleft\"><span class=\"w-text-h\"><i class=\"material-icons\">check<\/i><span class=\"w-text-value\">Comprend 5 images (3D)<\/span><\/span><\/div><div class=\"w-text icon_atleft\"><span class=\"w-text-h\"><i class=\"material-icons\">check<\/i><span class=\"w-text-value\">Pr\u00e9paration des produits<\/span><\/span><\/div><div class=\"w-text icon_atleft\"><span class=\"w-text-h\"><i class=\"material-icons\">check<\/i><span class=\"w-text-value\">Enregistrement vid\u00e9o<\/span><\/span><\/div><div class=\"w-text icon_atleft\"><span class=\"w-text-h\"><i class=\"material-icons\">check<\/i><span class=\"w-text-value\">Cr\u00e9ation des images 3D<\/span><\/span><\/div><div class=\"w-text icon_atleft\"><span class=\"w-text-h\"><i class=\"material-icons\">check<\/i><span class=\"w-text-value\">Cr\u00e9ation des images<\/span><\/span><\/div><div class=\"w-text icon_atleft\"><span class=\"w-text-h\"><i class=\"material-icons\">check<\/i><span class=\"w-text-value\">Livraison en 7-10 jours<\/span><\/span><\/div><div class=\"w-text icon_atleft\"><span class=\"w-text-h\"><i class=\"material-icons\">check<\/i><span class=\"w-text-value\">Soutien professionnel<\/span><\/span><\/div><\/div><\/div><\/div><div class=\"wpb_column vc_column_container us_custom_d38acbd5\"><div class=\"vc_column-inner\"><div class=\"w-vwrapper us_custom_9ef015cd align_none valign_top\" style=\"--vwrapper-gap:1rem\"><h3 class=\"w-text us_custom_343a6660\"><span class=\"w-text-h\"><span class=\"w-text-value\">10 Packs<\/span><\/span><\/h3><div class=\"w-hwrapper valign_baseline align_none\" style=\"--hwrapper-gap:0.4rem\"><h4 class=\"w-text us_custom_3832f2b7\"><span class=\"w-text-h\"><span class=\"w-text-value\">1.790\u20ac<\/span><\/span><\/h4><div class=\"w-text us_custom_57e1857c has_text_color\"><span class=\"w-text-h\"><span class=\"w-text-value\">\/ vous \u00e9conomisez 710<\/span><\/span><\/div><\/div><div class=\"w-btn-wrapper align_justify\"><a class=\"w-btn us-btn-style_1 us_custom_1b04de86\" href=\"#\"><span class=\"w-btn-label\">Achetez 10 paquets<\/span><\/a><\/div><\/div><div class=\"w-separator size_custom with_line width_default thick_1 style_solid color_border align_center\" style=\"height:10px\"><div class=\"w-separator-h\"><\/div><\/div><div class=\"w-vwrapper us_custom_9ef015cd align_none valign_top\" style=\"--vwrapper-gap:0.8rem\"><div class=\"w-text us_custom_32838f2e has_text_color\"><span class=\"w-text-h\"><span class=\"w-text-value\">Ce qui est inclus<\/span><\/span><\/div><div class=\"w-text icon_atleft\"><span class=\"w-text-h\"><i class=\"material-icons\">check<\/i><span class=\"w-text-value\">Comprend 10 images (3D)<\/span><\/span><\/div><div class=\"w-text icon_atleft\"><span class=\"w-text-h\"><i class=\"material-icons\">check<\/i><span class=\"w-text-value\">Pr\u00e9paration des produits<\/span><\/span><\/div><div class=\"w-text icon_atleft\"><span class=\"w-text-h\"><i class=\"material-icons\">check<\/i><span class=\"w-text-value\">Enregistrement vid\u00e9o<\/span><\/span><\/div><div class=\"w-text icon_atleft\"><span class=\"w-text-h\"><i class=\"material-icons\">check<\/i><span class=\"w-text-value\">Cr\u00e9ation des images 3D<\/span><\/span><\/div><div class=\"w-text icon_atleft\"><span class=\"w-text-h\"><i class=\"material-icons\">check<\/i><span class=\"w-text-value\">T\u00e9l\u00e9charger sur votre compte<\/span><\/span><\/div><div class=\"w-text icon_atleft\"><span class=\"w-text-h\"><i class=\"material-icons\">check<\/i><span class=\"w-text-value\">Livraison en 7-10 jours<\/span><\/span><\/div><div class=\"w-text icon_atleft\"><span class=\"w-text-h\"><i class=\"material-icons\">check<\/i><span class=\"w-text-value\">Soutien professionnel<\/span><\/span><\/div><\/div><\/div><\/div><div class=\"wpb_column vc_column_container us_custom_1c95e3ae\"><div class=\"vc_column-inner\"><div class=\"w-vwrapper us_custom_9ef015cd align_none valign_top\" style=\"--vwrapper-gap:1rem\"><h3 class=\"w-text us_custom_343a6660\"><span class=\"w-text-h\"><span class=\"w-text-value\">Entreprise<\/span><\/span><\/h3><div class=\"w-hwrapper valign_baseline align_none\" style=\"--hwrapper-gap:0.4rem\"><h4 class=\"w-text us_custom_3832f2b7\"><span class=\"w-text-h\"><span class=\"w-text-value\">TBF<\/span><\/span><\/h4><div class=\"w-text us_custom_57e1857c has_text_color\"><span class=\"w-text-h\"><span class=\"w-text-value\">\/ faites-nous part de vos besoins<\/span><\/span><\/div><\/div><div class=\"w-btn-wrapper align_justify\"><a class=\"w-btn us-btn-style_1 us_custom_1b04de86\" href=\"#\"><span class=\"w-btn-label\">Contactez nous<\/span><\/a><\/div><\/div><div class=\"w-separator size_custom with_line width_default thick_1 style_solid color_border align_center\" style=\"height:10px\"><div class=\"w-separator-h\"><\/div><\/div><div class=\"w-vwrapper us_custom_9ef015cd align_none valign_top\" style=\"--vwrapper-gap:0.8rem\"><div class=\"w-text us_custom_32838f2e has_text_color\"><span class=\"w-text-h\"><span class=\"w-text-value\">Ce qui est inclus<\/span><\/span><\/div><div class=\"w-text icon_atleft\"><span class=\"w-text-h\"><i class=\"material-icons\">check<\/i><span class=\"w-text-value\">Grands catalogues<\/span><\/span><\/div><div class=\"w-text icon_atleft\"><span class=\"w-text-h\"><i class=\"material-icons\">check<\/i><span class=\"w-text-value\">Autres agences<\/span><\/span><\/div><div class=\"w-text icon_atleft\"><span class=\"w-text-h\"><i class=\"material-icons\">check<\/i><span class=\"w-text-value\">Partenariats<\/span><\/span><\/div><div class=\"w-text icon_atleft\"><span class=\"w-text-h\"><i class=\"material-icons\">check<\/i><span class=\"w-text-value\">Exigences particuli\u00e8res<\/span><\/span><\/div><div class=\"w-text icon_atleft\"><span class=\"w-text-h\"><i class=\"material-icons\">check<\/i><span class=\"w-text-value\">\u00c9tiquettes blanches<\/span><\/span><\/div><\/div><\/div><\/div><\/div><\/div><\/div><\/div><\/div><\/section><section class=\"l-section wpb_row height_large color_primary\"><div class=\"l-section-h i-cf\"><div class=\"g-cols vc_row via_grid cols_1 laptops-cols_inherit tablets-cols_inherit mobiles-cols_1 valign_top type_default stacking_default\"><div class=\"wpb_column vc_column_container\"><div class=\"vc_column-inner\"><div class=\"w-actionbox color_primary controls_right\"><div class=\"w-actionbox-text\"><h2 class=\"w-actionbox-title\" style=\"font-size:max( 2rem, 4.5vh )\">Vous souhaitez augmenter vos ventes sur Amazon ?<\/h2><\/div><div class=\"w-actionbox-controls\"><a class=\"w-btn us-btn-style_4\" href=\"#\" style=\"font-size:1.2rem;\"><span class=\"w-btn-label\">COMMENCEZ AUJOURD&apos;HUI<\/span><\/a><\/div><\/div><\/div><\/div><\/div><\/div><\/section>\n","protected":false},"excerpt":{"rendered":"","protected":false},"author":1,"featured_media":0,"parent":0,"menu_order":0,"comment_status":"closed","ping_status":"closed","template":"","meta":{"footnotes":""},"class_list":["post-7554","page","type-page","status-publish","hentry"],"_links":{"self":[{"href":"https:\/\/azzcreative.com\/fr\/wp-json\/wp\/v2\/pages\/7554"}],"collection":[{"href":"https:\/\/azzcreative.com\/fr\/wp-json\/wp\/v2\/pages"}],"about":[{"href":"https:\/\/azzcreative.com\/fr\/wp-json\/wp\/v2\/types\/page"}],"author":[{"embeddable":true,"href":"https:\/\/azzcreative.com\/fr\/wp-json\/wp\/v2\/users\/1"}],"replies":[{"embeddable":true,"href":"https:\/\/azzcreative.com\/fr\/wp-json\/wp\/v2\/comments?post=7554"}],"version-history":[{"count":2,"href":"https:\/\/azzcreative.com\/fr\/wp-json\/wp\/v2\/pages\/7554\/revisions"}],"predecessor-version":[{"id":7556,"href":"https:\/\/azzcreative.com\/fr\/wp-json\/wp\/v2\/pages\/7554\/revisions\/7556"}],"wp:attachment":[{"href":"https:\/\/azzcreative.com\/fr\/wp-json\/wp\/v2\/media?parent=7554"}],"curies":[{"name":"wp","href":"https:\/\/api.w.org\/{rel}","templated":true}]}}