{"id":7557,"date":"2024-09-28T23:23:28","date_gmt":"2024-09-28T21:23:28","guid":{"rendered":"https:\/\/azzcreative.com\/contactez-nous\/"},"modified":"2024-11-09T20:33:12","modified_gmt":"2024-11-09T18:33:12","slug":"contactez-nous","status":"publish","type":"page","link":"https:\/\/azzcreative.com\/fr\/contactez-nous\/","title":{"rendered":"Contactez nous"},"content":{"rendered":"<section class=\"l-section wpb_row height_auto width_custom color_footer-bottom with_shape\" style=\"--site-content-width:800px;\"><div class=\"l-section-shape type_custom pos_bottom\" style=\"height:50px;\"><svg xmlns=\"http:\/\/www.w3.org\/2000\/svg\" viewBox=\"0 0 64 8\" preserveAspectRatio=\"none\" width=\"100%\" height=\"100%\">\r\n\t<path fill=\"currentColor\" d=\"M64 8 L0 8 L0 0 L64 0 Z\"\/>\r\n<\/svg><\/div><div class=\"l-section-h i-cf\"><div class=\"g-cols vc_row via_grid cols_1 laptops-cols_inherit tablets-cols_inherit mobiles-cols_1 valign_top type_default stacking_default\"><div class=\"wpb_column vc_column_container\"><div class=\"vc_column-inner\"><div class=\"w-separator size_medium\"><\/div><h1 class=\"w-text us_custom_f72a0525\"><span class=\"w-text-h\"><span class=\"w-text-value\">Contactez nous<\/span><\/span><\/h1><div class=\"w-separator size_small\"><\/div><div class=\"w-btn-wrapper align_center\"><a class=\"w-btn us-btn-style_2 us_custom_f7a1602f icon_atleft text_none\" aria-label=\"Button\" href=\"#\"><i class=\"fas fa-arrow-down\"><\/i><\/a><\/div><\/div><\/div><\/div><\/div><\/section><section class=\"l-section wpb_row height_large\"><div class=\"l-section-h i-cf\"><div class=\"g-cols vc_row via_grid cols_2-3 laptops-cols_2-3 tablets-cols_2 mobiles-cols_1 valign_top type_default stacking_default\"><div class=\"wpb_column vc_column_container\"><div class=\"vc_column-inner\"><h2 class=\"w-text\"><span class=\"w-text-h\"><span class=\"w-text-value\">Contactez nous<\/span><\/span><\/h2><div class=\"w-separator size_small\"><\/div><form class=\"w-form  us_custom_32cb1087 layout_ver for_cform us_form_1\" autocomplete=\"off\" action=\"https:\/\/azzcreative.com\/fr\/wp-json\/wp\/v2\/pages\/7557\" method=\"post\"><div class=\"w-form-h\"><div class=\"w-form-row for_text\">\r\n\t\t<div class=\"w-form-row-field\">\r\n\t\t\t\t\t\t<input aria-label=\"Name\" type=\"text\" name=\"us_form_1_text_1\" value placeholder=\"Name\"\/>\r\n\t\t\t<\/div>\r\n\t\t<div class=\"w-form-row-state\">Vous devez remplir ce champ<\/div>\r\n<\/div>\r\n<div class=\"w-form-row for_email\">\r\n\t\t<div class=\"w-form-row-field\">\r\n\t\t\t\t\t\t<input aria-label=\"Email\" type=\"email\" name=\"us_form_1_email_1\" value placeholder=\"Email\"\/>\r\n\t\t\t<\/div>\r\n\t\t<div class=\"w-form-row-state\">Veuillez saisir une adresse e-mail valide.<\/div>\r\n<\/div>\r\n<div class=\"w-form-row for_textarea\">\r\n\t\t<div class=\"w-form-row-field\">\r\n\t\t\t\t\t\t<textarea aria-label=\"Message\" name=\"us_form_1_textarea_1\" placeholder=\"Message\"><\/textarea>\r\n\t\t\t<\/div>\r\n\t\t<div class=\"w-form-row-state\">Vous devez remplir ce champ<\/div>\r\n<\/div>\r\n<input type=\"hidden\" name=\"action\" value=\"us_ajax_cform\" \/>\r\n<input type=\"hidden\" name=\"post_id\" value=\"0\" \/>\r\n<input type=\"hidden\" name=\"form_index\" value=\"1\" \/>\r\n<div class=\"w-form-row for_submit align_none\">\r\n\t<button class=\"w-btn  us-btn-style_2\" aria-label=\"Envoyer un message\" type=\"submit\">\r\n\t\t<span class=\"g-preloader type_1\"><\/span>\r\n\t\t\t\t<span class=\"w-btn-label\">Envoyer un message<\/span>\r\n\t\t\t<\/button>\r\n\t<\/div>\r\n<\/div><div class=\"w-form-message\"><\/div><div class=\"w-form-json hidden\" onclick='return {&quot;ajaxurl&quot;:&quot;https:\\\/\\\/azzcreative.com\\\/wp-admin\\\/admin-ajax.php&quot;,&quot;messages&quot;:{&quot;err_empty&quot;:&quot;Vous devez remplir ce champ&quot;,&quot;err_size&quot;:&quot;La taille du fichier ne peut pas d\\u00e9passer %s Mo&quot;,&quot;err_extension&quot;:&quot;Le type de fichier %s n&#039;est pas autoris\\u00e9&quot;}}'><\/div><\/form><\/div><\/div><div class=\"wpb_column vc_column_container\"><div class=\"vc_column-inner\"><div class=\"w-separator size_small\"><\/div><div class=\"w-text\"><span class=\"w-text-h\"><span class=\"w-text-value\">Contact g\u00e9n\u00e9ral<\/span><\/span><\/div><div class=\"w-separator size_custom\" style=\"height:15px\"><\/div><h4 class=\"w-text\"><a href=\"mailto:info@azzcreative.com\" class=\"w-text-h\"><span class=\"w-text-value\">info@azzcreative.com<\/span><\/a><\/h4><div class=\"w-text\"><span class=\"w-text-h\"><span class=\"w-text-value\">Sales team<\/span><\/span><\/div><div class=\"w-separator size_custom\" style=\"height:15px\"><\/div><h4 class=\"w-text\"><a href=\"mailto:sales@azzcreative.com\" class=\"w-text-h\"><span class=\"w-text-value\">sales@azzcreative.com<\/span><\/a><\/h4><div class=\"w-text\"><span class=\"w-text-h\"><span class=\"w-text-value\">Partenariats<\/span><\/span><\/div><h4 class=\"w-text\"><a href=\"mailto:partnerships@azzcreative.com\" class=\"w-text-h\"><span class=\"w-text-value\">partnerships@azzcreative.com<\/span><\/a><\/h4><div class=\"w-separator size_small with_line width_default thick_1 style_solid color_border align_center\"><div class=\"w-separator-h\"><\/div><\/div><div class=\"w-text\"><span class=\"w-text-h\"><span class=\"w-text-value\">French Office<\/span><\/span><\/div><div class=\"w-separator size_custom\" style=\"height:15px\"><\/div><h6 class=\"w-text\"><a href=\"http:\/\/2727 Ponce de Leon Blvd, Coral Gables, Florida, 33134, EE.UU.\" class=\"w-text-h\"><span class=\"w-text-value\">2727 Ponce de Leon Blvd, Coral Gables, Florida, 33134, EE.UU.<\/span><\/a><\/h6><div class=\"w-text\"><span class=\"w-text-h\"><span class=\"w-text-value\">UK Office<\/span><\/span><\/div><div class=\"w-separator size_custom\" style=\"height:15px\"><\/div><h6 class=\"w-text\"><a href=\"tel:90 York Wy, London N1 9AG, United Kingdom\" class=\"w-text-h\"><span class=\"w-text-value\">90 York Wy, London N1 9AG, United Kingdom<\/span><\/a><\/h6><\/div><\/div><\/div><\/div><\/section><section class=\"l-section wpb_row height_large\"><div class=\"l-section-h i-cf\"><div class=\"g-cols vc_row via_grid cols_1 laptops-cols_inherit tablets-cols_inherit mobiles-cols_1 valign_top type_default stacking_default\"><div class=\"wpb_column vc_column_container\"><div class=\"vc_column-inner\"><div class=\"wpb_text_column\"><div class=\"wpb_wrapper\"><h2 style=\"text-align: center;\">Our offices around the world<\/h2>\n<div class=\"component component--heading-textblock text-center\">\n<p style=\"text-align: center;\">Nous sommes une \u00e9quipe v\u00e9ritablement mondiale, avec des bureaux dans des villes \u00e9tonnantes.<\/p>\n<\/div>\n<\/div><\/div><div class=\"w-separator size_medium\"><\/div><div class=\"w-tabs layout_hor style_simple3 switch_click has_scrolling remove_indents\" style=\"--sections-title-size:1em\"><div class=\"w-tabs-list items_3 align_center\"><div class=\"w-tabs-list-h\"><button class=\"w-tabs-item active\" aria-controls=\"content-pec7\" aria-expanded=\"false\"><span class=\"w-tabs-item-title\">North America<\/span><\/button><button class=\"w-tabs-item\" aria-controls=\"content-w456\" aria-expanded=\"false\"><span class=\"w-tabs-item-title\">Europe<\/span><\/button><button class=\"w-tabs-item\" aria-controls=\"content-pc00\" aria-expanded=\"false\"><span class=\"w-tabs-item-title\">LatinAmerica<\/span><\/button><\/div><\/div><div class=\"w-tabs-sections titles-align_none icon_chevron cpos_right\"><div class=\"w-tabs-section active\" id=\"pec7\"><button class=\"w-tabs-section-header active\" aria-controls=\"content-pec7\" aria-expanded=\"true\"><div class=\"w-tabs-section-title\">North America<\/div><div class=\"w-tabs-section-control\"><\/div><\/button><div  class=\"w-tabs-section-content\" id=\"content-pec7\"><div class=\"w-tabs-section-content-h i-cf\"><div class=\"g-cols wpb_row via_grid cols_3 laptops-cols_2 tablets-cols_2 mobiles-cols_1 valign_top type_default stacking_default\" style=\"--gap:3rem;\"><div class=\"wpb_column vc_column_container\"><div class=\"vc_column-inner\"><div class=\"wpb_text_column\"><div class=\"wpb_wrapper\"><h4>San Francisco<\/h4>\n<p>1600 Amphitheatre Parkway, Mountain View, CA 94043, US<br \/><a href=\"tel:+3211234567\">+321 123 4567<\/a><\/p>\n<p><strong><a href=\"#\">Get directions<\/a><\/strong><\/p>\n<\/div><\/div><\/div><\/div><div class=\"wpb_column vc_column_container\"><div class=\"vc_column-inner\"><div class=\"wpb_text_column\"><div class=\"wpb_wrapper\"><h4>Austin<\/h4>\n<p>1600 Amphitheatre Parkway, Mountain View, CA 94043, US<br \/><a href=\"tel:+3211234567\">+321 123 4568<\/a><\/p>\n<p><strong><a href=\"#\">Get directions<\/a><\/strong><\/p>\n<\/div><\/div><\/div><\/div><div class=\"wpb_column vc_column_container\"><div class=\"vc_column-inner\"><div class=\"wpb_text_column\"><div class=\"wpb_wrapper\"><h4>Blacksburg<\/h4>\n<p>1600 Amphitheatre Parkway, Mountain View, CA 94043, US<br \/><a href=\"tel:+3211234567\">+321 123 4569<\/a><\/p>\n<p><strong><a href=\"#\">Get directions<\/a><\/strong><\/p>\n<\/div><\/div><\/div><\/div><\/div><\/div><\/div><\/div><div class=\"w-tabs-section\" id=\"w456\"><button class=\"w-tabs-section-header\" aria-controls=\"content-w456\" aria-expanded=\"false\"><div class=\"w-tabs-section-title\">Europe<\/div><div class=\"w-tabs-section-control\"><\/div><\/button><div  class=\"w-tabs-section-content\" id=\"content-w456\"><div class=\"w-tabs-section-content-h i-cf\"><div class=\"g-cols wpb_row via_grid cols_3 laptops-cols_2 tablets-cols_2 mobiles-cols_1 valign_top type_default stacking_default\" style=\"--gap:3rem;\"><div class=\"wpb_column vc_column_container\"><div class=\"vc_column-inner\"><div class=\"wpb_text_column\"><div class=\"wpb_wrapper\"><h4>Amsterdam<\/h4>\n<p>1600 Amphitheatre Parkway, Mountain View, CA 94043, US<br \/><a href=\"tel:+3211234567\">+321 123 4567<\/a><\/p>\n<p><strong><a href=\"#\">Get directions<\/a><\/strong><\/p>\n<\/div><\/div><\/div><\/div><div class=\"wpb_column vc_column_container\"><div class=\"vc_column-inner\"><div class=\"wpb_text_column\"><div class=\"wpb_wrapper\"><h4>Ankara<\/h4>\n<p>1600 Amphitheatre Parkway, Mountain View, CA 94043, US<br \/><a href=\"tel:+3211234567\">+321 123 4568<\/a><\/p>\n<p><strong><a href=\"#\">Get directions<\/a><\/strong><\/p>\n<\/div><\/div><\/div><\/div><div class=\"wpb_column vc_column_container\"><div class=\"vc_column-inner\"><div class=\"wpb_text_column\"><div class=\"wpb_wrapper\"><h4>Gdansk<\/h4>\n<p>1600 Amphitheatre Parkway, Mountain View, CA 94043, US<br \/><a href=\"tel:+3211234567\">+321 123 4569<\/a><\/p>\n<p><strong><a href=\"#\">Get directions<\/a><\/strong><\/p>\n<\/div><\/div><\/div><\/div><\/div><\/div><\/div><\/div><div class=\"w-tabs-section\" id=\"pc00\"><button class=\"w-tabs-section-header\" aria-controls=\"content-pc00\" aria-expanded=\"false\"><div class=\"w-tabs-section-title\">LatinAmerica<\/div><div class=\"w-tabs-section-control\"><\/div><\/button><div  class=\"w-tabs-section-content\" id=\"content-pc00\"><div class=\"w-tabs-section-content-h i-cf\"><div class=\"g-cols wpb_row via_grid cols_3 laptops-cols_2 tablets-cols_2 mobiles-cols_1 valign_top type_default stacking_default\" style=\"--gap:3rem;\"><div class=\"wpb_column vc_column_container\"><div class=\"vc_column-inner\"><div class=\"wpb_text_column\"><div class=\"wpb_wrapper\"><h4>Sydney<\/h4>\n<p>1600 Amphitheatre Parkway, Mountain View, CA 94043, US<br \/><a href=\"tel:+3211234567\">+321 123 4567<\/a><\/p>\n<p><strong><a href=\"#\">Get directions<\/a><\/strong><\/p>\n<\/div><\/div><\/div><\/div><div class=\"wpb_column vc_column_container\"><div class=\"vc_column-inner\"><div class=\"wpb_text_column\"><div class=\"wpb_wrapper\"><h4>Bengaluru<\/h4>\n<p>1600 Amphitheatre Parkway, Mountain View, CA 94043, US<br \/><a href=\"tel:+3211234567\">+321 123 4568<\/a><\/p>\n<p><strong><a href=\"#\">Get directions<\/a><\/strong><\/p>\n<\/div><\/div><\/div><\/div><div class=\"wpb_column vc_column_container\"><div class=\"vc_column-inner\"><div class=\"wpb_text_column\"><div class=\"wpb_wrapper\"><h4>Manila<\/h4>\n<p>1600 Amphitheatre Parkway, Mountain View, CA 94043, US<br \/><a href=\"tel:+3211234567\">+321 123 4569<\/a><\/p>\n<p><strong><a href=\"#\">Get directions<\/a><\/strong><\/p>\n<\/div><\/div><\/div><\/div><div class=\"wpb_column vc_column_container\"><div class=\"vc_column-inner\"><div class=\"wpb_text_column\"><div class=\"wpb_wrapper\"><h4>Tokyo<\/h4>\n<p>1600 Amphitheatre Parkway, Mountain View, CA 94043, US<br \/><a href=\"tel:+3211234567\">+321 123 4569<\/a><\/p>\n<p><strong><a href=\"#\">Get directions<\/a> <\/strong><\/p>\n<\/div><\/div><\/div><\/div><div class=\"wpb_column vc_column_container\"><div class=\"vc_column-inner\"><div class=\"wpb_text_column\"><div class=\"wpb_wrapper\"><h4>Yokohama<\/h4>\n<p>1600 Amphitheatre Parkway, Mountain View, CA 94043, US<br \/><a href=\"tel:+3211234567\">+321 123 4579<\/a><\/p>\n<p><strong><a href=\"#\">Get directions<\/a> <\/strong><\/p>\n<\/div><\/div><\/div><\/div><div class=\"wpb_column vc_column_container\"><div class=\"vc_column-inner\"><div class=\"wpb_text_column\"><div class=\"wpb_wrapper\"><h4>Bangkok<\/h4>\n<p>1600 Amphitheatre Parkway, Mountain View, CA 94043, US<br \/><a href=\"tel:+3211234567\">+321 123 4579<\/a><\/p>\n<p><strong><a href=\"#\">Get directions<\/a> <\/strong><\/p>\n<\/div><\/div><\/div><\/div><\/div><\/div><\/div><\/div><\/div><\/div><\/div><\/div><\/div><\/div><\/section>\n","protected":false},"excerpt":{"rendered":"","protected":false},"author":1,"featured_media":0,"parent":0,"menu_order":0,"comment_status":"closed","ping_status":"closed","template":"","meta":{"footnotes":""},"class_list":["post-7557","page","type-page","status-publish","hentry"],"_links":{"self":[{"href":"https:\/\/azzcreative.com\/fr\/wp-json\/wp\/v2\/pages\/7557"}],"collection":[{"href":"https:\/\/azzcreative.com\/fr\/wp-json\/wp\/v2\/pages"}],"about":[{"href":"https:\/\/azzcreative.com\/fr\/wp-json\/wp\/v2\/types\/page"}],"author":[{"embeddable":true,"href":"https:\/\/azzcreative.com\/fr\/wp-json\/wp\/v2\/users\/1"}],"replies":[{"embeddable":true,"href":"https:\/\/azzcreative.com\/fr\/wp-json\/wp\/v2\/comments?post=7557"}],"version-history":[{"count":2,"href":"https:\/\/azzcreative.com\/fr\/wp-json\/wp\/v2\/pages\/7557\/revisions"}],"predecessor-version":[{"id":7559,"href":"https:\/\/azzcreative.com\/fr\/wp-json\/wp\/v2\/pages\/7557\/revisions\/7559"}],"wp:attachment":[{"href":"https:\/\/azzcreative.com\/fr\/wp-json\/wp\/v2\/media?parent=7557"}],"curies":[{"name":"wp","href":"https:\/\/api.w.org\/{rel}","templated":true}]}}