{"id":7519,"date":"2021-11-18T22:20:13","date_gmt":"2021-11-18T20:20:13","guid":{"rendered":"https:\/\/azzcreative.com\/sobre-voce\/"},"modified":"2024-10-27T12:49:42","modified_gmt":"2024-10-27T10:49:42","slug":"sobre-voce","status":"publish","type":"page","link":"https:\/\/azzcreative.com\/pt-br\/sobre-voce\/","title":{"rendered":"Sobre voc\u00ea"},"content":{"rendered":"<section class=\"l-section wpb_row height_large\"><div class=\"l-section-h i-cf\"><div class=\"g-cols vc_row via_grid cols_1 laptops-cols_inherit tablets-cols_inherit mobiles-cols_1 valign_top type_default stacking_default\" style=\"--gap:6rem;\"><div class=\"wpb_column vc_column_container\"><div class=\"vc_column-inner\"><div class=\"g-cols wpb_row via_grid cols_3-2 laptops-cols_inherit tablets-cols_inherit mobiles-cols_1 valign_top type_default stacking_default\" style=\"--gap:5.2rem;\"><div class=\"wpb_column vc_column_container\"><div class=\"vc_column-inner\"><h1 class=\"w-text\"><span class=\"w-text-h\"><span class=\"w-text-value\">Sobre a AzzCreative<\/span><\/span><\/h1><div class=\"wpb_text_column us_custom_59aa275c\"><div class=\"wpb_wrapper\"><p>A AzzCreative foi fundada para impulsionar as vendas das marcas, aprimorando a listagem de produtos por meio da cria\u00e7\u00e3o de imagens em 3D e outros conte\u00fados de valor agregado. Fazemos parte do Azz Group, uma empresa focada no gerenciamento de marcas na Amazon, no com\u00e9rcio eletr\u00f4nico e em outras plataformas, oferecendo servi\u00e7os em todo o mundo. <\/p>\n<\/div><\/div><div class=\"w-separator size_medium with_line width_default thick_1 style_solid color_border align_center\"><div class=\"w-separator-h\"><\/div><\/div><div class=\"w-hwrapper valign_top wrap align_none\" style=\"--hwrapper-gap:4rem\"><div class=\"w-counter us_custom_6fe6fc27 color_primary align_left has_font_size\" data-duration=\"1\"><div class=\"w-counter-value\"><span class=\"w-counter-value-part type_text\" data-final=\"\"><\/span><span class=\"w-counter-value-part type_number\" data-final=\"6\">1<\/span><span class=\"w-counter-value-part type_text\" data-final=\" anos\"> ano<\/span><\/div><div class=\"w-counter-title\">de experi\u00eancia bem-sucedida<\/div><\/div><div class=\"w-counter us_custom_697fe15d color_primary align_left has_font_size\" data-duration=\"1\"><div class=\"w-counter-value\"><span class=\"w-counter-value-part type_text\" data-final=\"+\"><\/span><span class=\"w-counter-value-part type_number\" data-final=\"127,000\">25,000<\/span><span class=\"w-counter-value-part type_text\" data-final=\"\"><\/span><\/div><div class=\"w-counter-title\">Listagens da Amazon sob gerenciamento<\/div><\/div><\/div><div class=\"w-separator size_medium with_line width_default thick_1 style_solid color_border align_center\"><div class=\"w-separator-h\"><\/div><\/div><div class=\"wpb_text_column\"><div class=\"wpb_wrapper\"><p>Diferentemente de outras consultorias, adquirimos nosso conhecimento por meio de experi\u00eancia em primeira m\u00e3o, vendendo milhares de produtos globalmente via Amazon, desenvolvendo nossa pr\u00f3pria tecnologia especializada e trabalhando com marcas exigentes e de alto perfil que nos desafiam a melhorar a cada dia.<\/p>\n<\/div><\/div><\/div><\/div><div class=\"wpb_column vc_column_container\"><div class=\"vc_column-inner\"><div class=\"w-image align_none\"><div class=\"w-image-h\"><img loading=\"lazy\" decoding=\"async\" width=\"720\" height=\"650\" src=\"https:\/\/azzcreative.com\/wp-content\/uploads\/2024\/10\/AZZ-LOGO.png\" class=\"attachment-full size-full\" alt=\"Azz Creative\" loading=\"lazy\" srcset=\"https:\/\/azzcreative.com\/wp-content\/uploads\/2024\/10\/AZZ-LOGO.png 720w, https:\/\/azzcreative.com\/wp-content\/uploads\/2024\/10\/AZZ-LOGO-300x271.png 300w\" sizes=\"(max-width: 720px) 100vw, 720px\" \/><\/div><\/div><\/div><\/div><\/div><\/div><\/div><\/div><\/div><\/section><section class=\"l-section wpb_row height_large color_primary\"><div class=\"l-section-h i-cf\"><div class=\"g-cols vc_row via_grid cols_1 laptops-cols_inherit tablets-cols_inherit mobiles-cols_1 valign_top type_default stacking_default\"><div class=\"wpb_column vc_column_container\"><div class=\"vc_column-inner\"><div class=\"w-grid type_grid layout_gallery_default hidden cols_8\" id=\"us_grid_1\" style=\"--gap:1.5rem;\" data-filterable=\"true\"><style>@media (max-width:1380px){#us_grid_1 .w-grid-item{width:25%}}@media (max-width:1024px){#us_grid_1 .w-grid-item{width:50%}}@media (max-width:600px){#us_grid_1 .w-grid-item{width:50%}}.layout_gallery_default .w-grid-item-h{}<\/style><div class=\"w-grid-list\"><\/div><div class=\"w-grid-preloader\">\t<div class=\"g-preloader type_1\">\r\n\t\t<div><\/div>\r\n\t<\/div>\r\n\t<\/div>\t<div class=\"w-grid-json hidden\" onclick='return {&quot;action&quot;:&quot;us_ajax_grid&quot;,&quot;infinite_scroll&quot;:0,&quot;max_num_pages&quot;:0,&quot;pagination&quot;:&quot;none&quot;,&quot;template_vars&quot;:{&quot;columns&quot;:&quot;8&quot;,&quot;exclude_items&quot;:&quot;none&quot;,&quot;img_size&quot;:&quot;default&quot;,&quot;ignore_items_size&quot;:0,&quot;items_layout&quot;:&quot;gallery_default&quot;,&quot;items_offset&quot;:&quot;1&quot;,&quot;load_animation&quot;:&quot;none&quot;,&quot;overriding_link&quot;:&quot;{\\&quot;url\\&quot;:\\&quot;\\&quot;}&quot;,&quot;post_id&quot;:0,&quot;query_args&quot;:{&quot;post_type&quot;:[&quot;attachment&quot;],&quot;post__in&quot;:[&quot;1347&quot;,&quot;1361&quot;,&quot;1204&quot;,&quot;5304&quot;,&quot;5303&quot;],&quot;post_status&quot;:&quot;inherit&quot;,&quot;post_mime_type&quot;:&quot;image&quot;,&quot;posts_per_page&quot;:&quot;10&quot;},&quot;orderby_query_args&quot;:{&quot;orderby&quot;:{&quot;post__in&quot;:&quot;ASC&quot;},&quot;order&quot;:&quot;ASC&quot;},&quot;type&quot;:&quot;grid&quot;,&quot;us_grid_post_type&quot;:&quot;attachment&quot;,&quot;us_grid_ajax_index&quot;:1,&quot;us_grid_filter_query_string&quot;:null,&quot;us_grid_index&quot;:1,&quot;page_args&quot;:[],&quot;lang&quot;:&quot;pt-br&quot;}}'><\/div>\r\n\t<\/div><div class=\"w-grid-none type_message\">Nenhum resultado encontrado.<\/div><\/div><\/div><\/div><\/div><\/section><section class=\"l-section wpb_row height_large\"><div class=\"l-section-h i-cf\"><div class=\"g-cols vc_row via_grid cols_1 laptops-cols_inherit tablets-cols_inherit mobiles-cols_1 valign_top type_default stacking_default\"><div class=\"wpb_column vc_column_container\"><div class=\"vc_column-inner\"><div class=\"wpb_text_column\"><div class=\"wpb_wrapper\"><h2 style=\"text-align: center;\"><span>O Azz Group fornece servi\u00e7os globais de com\u00e9rcio eletr\u00f4nico e da Amazon<\/span><\/h2>\n<\/div><\/div><div class=\"w-separator size_medium\"><\/div><div class=\"wpb_text_column us_custom_99dce4f6\"><div class=\"wpb_wrapper\"><p style=\"text-align: center;\"><span>Ajudamos as marcas a aumentar suas vendas na Amazon e em outros mercados por meio de conhecimento especializado, tecnologia, dados e excel\u00eancia operacional.<\/span><\/p>\n<\/div><\/div><div class=\"w-separator size_large\"><\/div><div class=\"g-cols wpb_row via_grid cols_2 laptops-cols_inherit tablets-cols_inherit mobiles-cols_1 valign_top type_default\" style=\"--gap:6vh;\"><div class=\"wpb_column vc_column_container\"><div class=\"vc_column-inner\"><div class=\"w-iconbox iconpos_left style_default color_primary align_none\"><div class=\"w-iconbox-icon\" style=\"font-size:3rem;\"><i class=\"material-icons\">design_services<\/i><\/div><div class=\"w-iconbox-meta\"><h3 class=\"w-iconbox-title\">Cria\u00e7\u00e3o de conte\u00fado<\/h3><div class=\"w-iconbox-text\"><p><span>Ajudamos voc\u00ea a impulsionar as vendas e aumentar o reconhecimento da sua marca por meio de conte\u00fado excepcional.<\/span><\/p>\n<ul>\n<li>Modelos 3D e v\u00eddeos da Amazon<\/li>\n<li>Reda\u00e7\u00e3o de conte\u00fado e otimiza\u00e7\u00f5es de SEO<\/li>\n<li>Projetos de imagem, A+, A+ Premium e lojas de marca<\/li>\n<li>Ativos de publicidade<\/li>\n<\/ul>\n<\/div><\/div><\/div><\/div><\/div><div class=\"wpb_column vc_column_container\"><div class=\"vc_column-inner\"><div class=\"w-iconbox iconpos_left style_default color_primary align_none\"><div class=\"w-iconbox-icon\" style=\"font-size:3rem;\"><i class=\"material-icons\">code<\/i><\/div><div class=\"w-iconbox-meta\"><h3 class=\"w-iconbox-title\">Tecnologia e dados<\/h3><div class=\"w-iconbox-text\"><p><span>Descubra nossa tecnologia amaz\u00f4nica, <\/span><strong>fredda.\u00ae<\/strong><span>que apresenta mais de 100 funcionalidades dispon\u00edveis.<\/span><\/p>\n<ul>\n<li>Varejo &#8211; Central do fornecedor e Central do vendedor<\/li>\n<li>Comprar caixa, pre\u00e7os, participa\u00e7\u00e3o de mercado, concorr\u00eancia&#8230;<\/li>\n<li>M\u00eddia de varejo, DSP, participa\u00e7\u00e3o de voz e AMC<\/li>\n<li>Conte\u00fado, monitor de mercado e relat\u00f3rios avan\u00e7ados<\/li>\n<\/ul>\n<\/div><\/div><\/div><\/div><\/div><div class=\"wpb_column vc_column_container\"><div class=\"vc_column-inner\"><div class=\"w-iconbox iconpos_left style_default color_primary align_none\"><div class=\"w-iconbox-icon\" style=\"font-size:3rem;\"><i class=\"material-icons\">api<\/i><\/div><div class=\"w-iconbox-meta\"><h3 class=\"w-iconbox-title\">Estrat\u00e9gia e gerenciamento<\/h3><div class=\"w-iconbox-text\"><p><span>Gerenciamos a estrat\u00e9gia e as opera\u00e7\u00f5es di\u00e1rias da sua conta com equipes internacionais altamente especializadas.<\/span><\/p>\n<ul>\n<li>Estrat\u00e9gia de marca<\/li>\n<li>Opera\u00e7\u00f5es di\u00e1rias no Vendor &amp; Seller Central<\/li>\n<li>Avalia\u00e7\u00f5es, reputa\u00e7\u00e3o, pre\u00e7os e caixa de compra<\/li>\n<\/ul>\n<\/div><\/div><\/div><\/div><\/div><div class=\"wpb_column vc_column_container\"><div class=\"vc_column-inner\"><div class=\"w-iconbox iconpos_left style_default color_primary align_none\"><div class=\"w-iconbox-icon\" style=\"font-size:3rem;\"><i class=\"material-icons\">star<\/i><\/div><div class=\"w-iconbox-meta\"><h3 class=\"w-iconbox-title\">Publicidade<\/h3><div class=\"w-iconbox-text\"><p><span>Maximize os resultados de sua campanha com a combina\u00e7\u00e3o vencedora de talento e nossa tecnologia interna.<\/span><\/p>\n<ul>\n<li><span>Somos um parceiro avan\u00e7ado da Amazon.<\/span><\/li>\n<li>DSP, Prime Video e Amazon Marketing Cloud<\/li>\n<li>An\u00fancios da Amazon  <\/li>\n<\/ul>\n<\/div><\/div><\/div><\/div><\/div><div class=\"wpb_column vc_column_container\"><div class=\"vc_column-inner\"><div class=\"w-iconbox iconpos_left style_default color_primary align_none\"><div class=\"w-iconbox-icon\" style=\"font-size:3rem;\"><i class=\"material-icons\">cloud<\/i><\/div><div class=\"w-iconbox-meta\"><h3 class=\"w-iconbox-title\">Nuvem de marketing da Amazon<\/h3><div class=\"w-iconbox-text\"><p><span>Temos uma equipe especializada em AMC e tecnologia propriet\u00e1ria com mais de 50 pain\u00e9is personalizados<\/span><\/p>\n<ul>\n<li><span>Tecnologia propriet\u00e1ria<\/span> <\/li>\n<li><span>Otimiza\u00e7\u00f5es avan\u00e7adas de publicidade<\/span><\/li>\n<li><span>Dados sofisticados para suas campanhas<\/span><\/li>\n<\/ul>\n<\/div><\/div><\/div><\/div><\/div><div class=\"wpb_column vc_column_container\"><div class=\"vc_column-inner\"><div class=\"w-iconbox iconpos_left style_default color_primary align_none\"><div class=\"w-iconbox-icon\" style=\"font-size:3rem;\"><i class=\"material-icons\">edit<\/i><\/div><div class=\"w-iconbox-meta\"><h3 class=\"w-iconbox-title\">Outros mercados<\/h3><div class=\"w-iconbox-text\"><p><span>Temos equipes especializadas em com\u00e9rcio eletr\u00f4nico e no gerenciamento de outros mercados, como Shein, Temu, Walmart, Mercado Livre e v\u00e1rias outras plataformas em todo o mundo.<\/span><\/p>\n<ul>\n<li><span>Atendimento com armaz\u00e9ns internos e de terceiros<\/span><\/li>\n<li><span>Consultoria e gerenciamento de contas<\/span><\/li>\n<li><span>Experi\u00eancia em dados, tecnologia e m\u00eddia de varejo<\/span><\/li>\n<\/ul>\n<\/div><\/div><\/div><\/div><\/div><\/div><\/div><\/div><\/div><\/div><\/section><section class=\"l-section wpb_row height_large color_primary\"><div class=\"l-section-h i-cf\"><div class=\"g-cols vc_row via_grid cols_1 laptops-cols_inherit tablets-cols_inherit mobiles-cols_1 valign_top type_default stacking_default\"><div class=\"wpb_column vc_column_container\"><div class=\"vc_column-inner\"><div class=\"w-actionbox color_primary controls_right\"><div class=\"w-actionbox-text\"><h2 class=\"w-actionbox-title\" style=\"font-size:max( 2rem, 4.5vh )\">Voc\u00ea quer aumentar suas vendas na Amazon?<\/h2><\/div><div class=\"w-actionbox-controls\"><a class=\"w-btn us-btn-style_4\" href=\"#\" style=\"font-size:1.2rem;\"><span class=\"w-btn-label\">COMECE HOJE<\/span><\/a><\/div><\/div><\/div><\/div><\/div><\/div><\/section>\n","protected":false},"excerpt":{"rendered":"","protected":false},"author":1,"featured_media":0,"parent":0,"menu_order":0,"comment_status":"closed","ping_status":"closed","template":"","meta":{"footnotes":""},"class_list":["post-7519","page","type-page","status-publish","hentry"],"_links":{"self":[{"href":"https:\/\/azzcreative.com\/pt-br\/wp-json\/wp\/v2\/pages\/7519"}],"collection":[{"href":"https:\/\/azzcreative.com\/pt-br\/wp-json\/wp\/v2\/pages"}],"about":[{"href":"https:\/\/azzcreative.com\/pt-br\/wp-json\/wp\/v2\/types\/page"}],"author":[{"embeddable":true,"href":"https:\/\/azzcreative.com\/pt-br\/wp-json\/wp\/v2\/users\/1"}],"replies":[{"embeddable":true,"href":"https:\/\/azzcreative.com\/pt-br\/wp-json\/wp\/v2\/comments?post=7519"}],"version-history":[{"count":6,"href":"https:\/\/azzcreative.com\/pt-br\/wp-json\/wp\/v2\/pages\/7519\/revisions"}],"predecessor-version":[{"id":7537,"href":"https:\/\/azzcreative.com\/pt-br\/wp-json\/wp\/v2\/pages\/7519\/revisions\/7537"}],"wp:attachment":[{"href":"https:\/\/azzcreative.com\/pt-br\/wp-json\/wp\/v2\/media?parent=7519"}],"curies":[{"name":"wp","href":"https:\/\/api.w.org\/{rel}","templated":true}]}}