{"id":7540,"date":"2024-10-08T18:30:35","date_gmt":"2024-10-08T16:30:35","guid":{"rendered":"https:\/\/azzcreative.com\/nosso-processo\/"},"modified":"2024-10-27T12:51:22","modified_gmt":"2024-10-27T10:51:22","slug":"nosso-processo","status":"publish","type":"page","link":"https:\/\/azzcreative.com\/pt-br\/nosso-processo\/","title":{"rendered":"Nosso processo"},"content":{"rendered":"<section class=\"l-section wpb_row height_auto width_custom color_footer-bottom with_shape\" style=\"--site-content-width:800px;\"><div class=\"l-section-shape type_custom pos_bottom\" style=\"height:50px;\"><svg xmlns=\"http:\/\/www.w3.org\/2000\/svg\" viewBox=\"0 0 64 8\" preserveAspectRatio=\"none\" width=\"100%\" height=\"100%\">\r\n\t<path fill=\"currentColor\" d=\"M64 8 L0 8 L0 0 L64 0 Z\"\/>\r\n<\/svg><\/div><div class=\"l-section-h i-cf\"><div class=\"g-cols vc_row via_grid cols_1 laptops-cols_inherit tablets-cols_inherit mobiles-cols_1 valign_top type_default stacking_default\"><div class=\"wpb_column vc_column_container\"><div class=\"vc_column-inner\"><div class=\"w-separator size_small\"><\/div><h1 class=\"w-text us_custom_f72a0525\"><span class=\"w-text-h\"><span class=\"w-text-value\">Como o processo funciona?<\/span><\/span><\/h1><div class=\"w-separator size_medium\"><\/div><div class=\"w-btn-wrapper align_center\"><a class=\"w-btn us-btn-style_2 us_custom_f7a1602f icon_atleft text_none\" aria-label=\"Button\" href=\"#\"><i class=\"fas fa-arrow-down\"><\/i><\/a><\/div><\/div><\/div><\/div><\/div><\/section><section class=\"l-section wpb_row height_large\"><div class=\"l-section-h i-cf\"><div class=\"g-cols vc_row via_grid cols_2 laptops-cols_inherit tablets-cols_1 mobiles-cols_1 valign_top type_default stacking_default\"><div class=\"wpb_column vc_column_container type_sticky\"><div class=\"vc_column-inner\"><div class=\"wpb_text_column us_custom_8161a817\"><div class=\"wpb_wrapper\"><h2>Nosso processo f\u00e1cil<\/h2>\n<p><span>Temos um processo muito simples para criar e publicar suas imagens 3D na Amazon.<\/span><\/p>\n<\/div><\/div><\/div><\/div><div class=\"wpb_column vc_column_container\"><div class=\"vc_column-inner\"><div class=\"wpb_text_column us_custom_d98eb4eb\"><div class=\"wpb_wrapper\"><h3>01.  <span class=\"w-text-h\"><span class=\"w-text-value\">Escolha seu plano<\/span><\/span><\/h3>\n<p><span>Escolha seu plano com base no n\u00famero de produtos que voc\u00ea deseja que criemos. Voc\u00ea pode fazer o pagamento diretamente ou entrar em contato conosco para obter ajuda na tomada de decis\u00e3o. <\/span><\/p>\n<p>Consulte nossos <a href=\"https:\/\/azzcreative.com\/amazon-3d-prices\/\">pre\u00e7os de pacotes<\/a> ou <a href=\"https:\/\/azzcreative.com\/about-2-2\/\">entre em contato conosco<\/a><\/p>\n<\/div><\/div><div class=\"w-separator size_large\"><\/div><div class=\"wpb_text_column us_custom_d98eb4eb\"><div class=\"wpb_wrapper\"><h3>02. <span>Envie seus produtos<\/span><\/h3>\n<p>Para criar v\u00eddeos e imagens em 3D, precisamos receber os produtos em nossos escrit\u00f3rios para garantir a melhor qualidade.  <span>Temos locais de envio dispon\u00edveis em seu pa\u00eds. Depois que as imagens 3D forem criadas, podemos devolver os produtos a voc\u00ea, do\u00e1-los ou descart\u00e1-los, dependendo da sua prefer\u00eancia. <\/span><\/p>\n<p>No entanto, se voc\u00ea tiver produtos muito grandes e\/ou pesados, ou se n\u00e3o puder envi\u00e1-los, podemos oferecer solu\u00e7\u00f5es personalizadas adaptadas \u00e0s suas necessidades.  <a href=\"https:\/\/azzcreative.com\/about-2-2\/\">Entre em contato conosco<\/a><\/p>\n<\/div><\/div><div class=\"w-separator size_large\"><\/div><div class=\"wpb_text_column us_custom_d98eb4eb\"><div class=\"wpb_wrapper\"><h3>03.  <span class=\"w-text-h\"><span class=\"w-text-value\">Cria\u00e7\u00e3o dos 3Ds<\/span><\/span><\/h3>\n<p><span>Nossa equipe cria imagens em 3D a partir de v\u00eddeos que produzimos ou que recebemos do cliente, utilizando tecnologia certificada e aprovada pela Amazon. Nossa equipe especializada cuida de todo o processo, do in\u00edcio ao fim. <\/span><\/p>\n<p><span>Vamos iluminar e escanear profissionalmente o seu produto, garantindo que ele esteja pronto para ser usado na sua listagem da Amazon<\/span><\/p>\n<\/div><\/div><div class=\"w-separator size_large\"><\/div><div class=\"wpb_text_column us_custom_d98eb4eb\"><div class=\"wpb_wrapper\"><h3>04.  <span class=\"w-text-h\"><span class=\"w-text-value\">Publica\u00e7\u00e3o da Amazon<\/span><\/span><\/h3>\n<p data-pm-slice=\"1 1 &#091;&#093;\"><span>Depois de fazermos o upload do material para a conta do cliente na Amazon, ele ser\u00e1 aprovado e voc\u00ea poder\u00e1 come\u00e7ar a aproveitar as imagens 3D em suas listagens<\/span><\/p>\n<p><span>Para esse processo, as marcas devem nos conceder acesso limitado \u00e0 sua conta Seller ou Vendor Central para fazer upload de ativos.<\/span><\/p>\n<p><span>A aprova\u00e7\u00e3o da Amazon normalmente leva de 5 a 7 dias \u00fateis, embora, de acordo com seus termos legais, possa levar de 2 a 3 semanas.<\/span><\/p>\n<\/div><\/div><\/div><\/div><\/div><\/div><\/section><section class=\"l-section wpb_row us_custom_315b8835 height_large color_footer-bottom\"><div class=\"l-section-h i-cf\"><div class=\"g-cols vc_row via_grid cols_1 laptops-cols_inherit tablets-cols_inherit mobiles-cols_1 valign_middle type_default stacking_default\"><div class=\"wpb_column vc_column_container\"><div class=\"vc_column-inner\"><div class=\"g-cols wpb_row us_custom_064683f9 has_text_color via_grid cols_2 laptops-cols_inherit tablets-cols_1 mobiles-cols_1 valign_middle type_default stacking_default\" style=\"--gap:0rem;\"><div class=\"wpb_column vc_column_container us_custom_2c279b99\"><div class=\"vc_column-inner\"><div class=\"w-text us_custom_76f243cd has_text_color\"><span class=\"w-text-h\"><span class=\"w-text-value\">Voc\u00ea tem algum projeto?<\/span><\/span><\/div><h2 class=\"w-text\"><span class=\"w-text-h\"><span class=\"w-text-value\">Aumente suas vendas hoje mesmo!<\/span><\/span><\/h2><\/div><\/div><div class=\"wpb_column vc_column_container us_custom_16154244\"><div class=\"vc_column-inner\"><div class=\"w-btn-wrapper default_align_right laptops_align_right tablets_align_left mobiles_align_left\"><a class=\"w-btn us-btn-style_2 us_custom_b4198c51\" href=\"https:\/\/azzcreative.com\/about-2-2\/\"><span class=\"w-btn-label\">Comece agora<\/span><\/a><\/div><\/div><\/div><\/div><\/div><\/div><\/div><\/div><\/section>\n","protected":false},"excerpt":{"rendered":"","protected":false},"author":1,"featured_media":0,"parent":0,"menu_order":0,"comment_status":"closed","ping_status":"closed","template":"","meta":{"footnotes":""},"class_list":["post-7540","page","type-page","status-publish","hentry"],"_links":{"self":[{"href":"https:\/\/azzcreative.com\/pt-br\/wp-json\/wp\/v2\/pages\/7540"}],"collection":[{"href":"https:\/\/azzcreative.com\/pt-br\/wp-json\/wp\/v2\/pages"}],"about":[{"href":"https:\/\/azzcreative.com\/pt-br\/wp-json\/wp\/v2\/types\/page"}],"author":[{"embeddable":true,"href":"https:\/\/azzcreative.com\/pt-br\/wp-json\/wp\/v2\/users\/1"}],"replies":[{"embeddable":true,"href":"https:\/\/azzcreative.com\/pt-br\/wp-json\/wp\/v2\/comments?post=7540"}],"version-history":[{"count":2,"href":"https:\/\/azzcreative.com\/pt-br\/wp-json\/wp\/v2\/pages\/7540\/revisions"}],"predecessor-version":[{"id":7542,"href":"https:\/\/azzcreative.com\/pt-br\/wp-json\/wp\/v2\/pages\/7540\/revisions\/7542"}],"wp:attachment":[{"href":"https:\/\/azzcreative.com\/pt-br\/wp-json\/wp\/v2\/media?parent=7540"}],"curies":[{"name":"wp","href":"https:\/\/api.w.org\/{rel}","templated":true}]}}